{"id":4477,"date":"2026-01-15T12:16:15","date_gmt":"2026-01-15T11:16:15","guid":{"rendered":"https:\/\/splitbot.ai\/?page_id=4477"},"modified":"2026-01-15T13:25:04","modified_gmt":"2026-01-15T12:25:04","slug":"prasa-3","status":"publish","type":"page","link":"https:\/\/splitbot.ai\/pl\/prasa-3\/","title":{"rendered":"Prasa"},"content":{"rendered":"\n<div class=\"wp-block-group alignfull has-base-background-color has-background has-global-padding is-layout-constrained wp-block-group-is-layout-constrained\" style=\"border-style:none;border-width:0px;border-radius:0px;margin-top:0;margin-bottom:0;padding-top:var(--wp--preset--spacing--30);padding-bottom:var(--wp--preset--spacing--30)\">\n<div class=\"wp-block-query alignwide is-layout-flow wp-block-query-is-layout-flow\"\/>\n\n\n\n\n\n\n  <meta charset=\"UTF-8\"\/>\n  <meta name=\"viewport\" content=\"width=device-width, initial-scale=1\"\/>\n  <title>Prasa | Splitbot<\/title>\n  <meta name=\"description\" content=\"Dzia\u0142 prasowy Splitbot: artyku\u0142y, wzmianki, sieci kontakt\u00f3w i programy wsparcia. Kontakt dla prasy, kr\u00f3tki profil i zasoby.\"\/>\n  <script src=\"https:\/\/cdn.tailwindcss.com\"><\/script>\n  <style>\n    \/* Optional: falls du die Kachelh\u00f6he noch einheitlicher brauchst *\/\n    .press-tile { min-height: 200px; }\n  <\/style>\n\n\n\n\n  <!-- HERO -->\n  <section class=\"max-w-7xl mx-auto px-6 mt-10\">\n    <div class=\"rounded-[55px] p-8 md:p-14\" style=\"background:linear-gradient(135deg,rgba(7,146,227,0.12) 0%,rgba(155,81,224,0.35) 100%);\">\n      <div class=\"max-w-3xl\">\n        <h1 class=\"text-2xl sm:text-3xl md:text-5xl font-extrabold leading-snug sm:leading-tight mb-5 break-words\">\n  Prasa\n        <\/h1>\n        <p class=\"text-base sm:text-lg md:text-xl text-gray-800 mb-6\">\n  Tutaj znajdziesz artyku\u0142y, wzmianki i sieci partnerskie dotycz\u0105ce Splitbot i naszego cyfrowego asystenta KOSMO.\n Opracowujemy suwerenne pod wzgl\u0119dem danych rozwi\u0105zania AI \u2013 opcjonalnie on-premise lub w certyfikowanych centrach danych w Niemczech \u2013\n z naciskiem na ochron\u0119 danych, transparentno\u015b\u0107 i kontrol\u0119.\n        <\/p>\n\n        <div class=\"flex flex-col sm:flex-row gap-4 items-center sm:items-start\">\n           <a href=\"https:\/\/splitbot.ai\/pl\/kontakt\/\" class=\"w-full sm:w-auto text-center bg-[#8A8AB2] text-white px-6 py-3 rounded-xl font-semibold shadow hover:bg-[#77779c] transition\">\n Kontakt dla prasy\n          <\/a>\n          <a href=\"#artikel\" class=\"w-full sm:w-auto text-center px-6 py-3 rounded-xl font-semibold border border-[#8A8AB2] text-[#8A8AB2] hover:bg-[#8A8AB2] hover:text-white transition\">\n Zobacz artyku\u0142\n          <\/a> \n        <\/div>\n\n        <div class=\"mt-8 grid grid-cols-1 sm:grid-cols-3 gap-4 text-sm\">\n          <div class=\"bg-white\/70 rounded-2xl p-4 shadow-sm\">\n            <p class=\"font-semibold\">Kr\u00f3tki profil<\/p>\n            <p class=\"text-gray-700 mt-1\">Splitbot rozwija KOSMO \u2013 asystenta AI do wewn\u0119trznych proces\u00f3w (np. e-mail, onboarding, zarz\u0105dzanie wiedz\u0105).<\/p>\n          <\/div>\n          <div class=\"bg-white\/70 rounded-2xl p-4 shadow-sm\">\n            <p class=\"font-semibold\">Suwerenno\u015b\u0107 danych<\/p>\n            <p class=\"text-gray-700 mt-1\">Brak przekazywania wra\u017cliwych danych osobom trzecim. Dzia\u0142anie on-premise lub w centrach danych w Niemczech. <\/p>\n          <\/div>\n          <div class=\"bg-white\/70 rounded-2xl p-4 shadow-sm\">\n            <p class=\"font-semibold\">Grupy docelowe<\/p>\n            <p class=\"text-gray-700 mt-1\">M\u015aP, przedsi\u0119biorstwa i gminy o wysokich wymaganiach w zakresie ochrony danych.<\/p>\n          <\/div>\n        <\/div>\n      <\/div>\n    <\/div>\n  <\/section>\n\n  <!-- MEHR TEXT \/ EINORDNUNG -->\n  <section class=\"max-w-7xl mx-auto px-6 py-14\">\n    <div class=\"grid grid-cols-1 lg:grid-cols-3 gap-10 items-start\">\n      <div class=\"lg:col-span-2\">\n        <h2 class=\"text-2xl md:text-3xl font-bold mb-4\">Co reprezentujemy<\/h2>\n        <p class=\"text-lg text-gray-700 mb-4\">\n  Splitbot stawia na sztuczn\u0105 inteligencj\u0119, kt\u00f3ra naprawd\u0119 pomaga w \u017cyciu codziennym \u2013 bez utraty kontroli nad danymi przez organizacje.\n KOSMO wspiera zespo\u0142y w powtarzaj\u0105cych si\u0119 zadaniach, wyszukiwaniu informacji i komunikacji \u2013 szczeg\u00f3lnie\n w \u015brodowiskach wra\u017cliwych na dane, takich jak administracja, edukacja, zdrowie lub klasyczne struktury backoffice.\n        <\/p>\n        <p class=\"text-lg text-gray-700 mb-4\">\n  Nasza architektura zosta\u0142a zaprojektowana tak, aby odpowiedzi by\u0142y zrozumia\u0142e: ze wskazaniem \u017ar\u00f3de\u0142,\n uprawnieniami dost\u0119pu opartymi na rolach i mo\u017cliwo\u015bci\u0105 \u015bwiadomego sterowania lub dezaktywacji zewn\u0119trznych wyszukiwa\u0144 (wyszukiwanie w Internecie).\n        <\/p>\n        <p class=\"text-lg text-gray-700\">\n  Zapytania od medi\u00f3w, wywiady, wypowiedzi i rozmowy w tle: czekamy na kontakt.\n        <\/p>\n      <\/div>\n\n      <aside class=\"bg-gray-50 rounded-3xl p-6 shadow\">\n        <h3 class=\"text-xl font-bold mb-3\">Kontakt dla prasy<\/h3>\n        <p class=\"text-sm text-gray-700\">\n          <span class=\"font-semibold\">Splitbot<\/span><br\/> Seelandstr. 1, Geb. 6<br\/> 23569 L\u00fcbeck\n        <\/p>\n        <p class=\"text-sm text-gray-700 mt-3\">\n          <span class=\"font-semibold\">E-mail:<\/span> hello@splitbot.ai<br\/>          <span class=\"font-semibold\">Telefon:<\/span> 0451 599 830 90\n        <\/p>\n\n        <div class=\"mt-5\">\n          <a href=\"https:\/\/splitbot.ai\/pl\/kontakt\/\" class=\"inline-flex items-center justify-center w-full bg-[#8A8AB2] text-white px-5 py-3 rounded-xl font-semibold shadow hover:bg-[#77779c] transition\">\n  Popro\u015b o materia\u0142y prasowe\n          <\/a>\n        <\/div>\n\n        <p class=\"text-xs text-gray-500 mt-4\">\n  Na \u017cyczenie: logotypy, zdj\u0119cia produkt\u00f3w, zrzuty ekranu, kr\u00f3tki profil, cytaty, informacje og\u00f3lne.\n        <\/p>\n      <\/aside>\n    <\/div>\n  <\/section>\n\n <!-- LOGO \/ ARTIKEL GRID (gr\u00f6\u00dfere Logos + Titel unterhalb) -->\n<section id=\"artikel\" class=\"max-w-7xl mx-auto px-6 pb-20\">\n  <div class=\"mb-10\">\n    <h2 class=\"text-2xl md:text-3xl font-bold\">Prasa o nas: przegl\u0105d artyku\u0142\u00f3w<\/h2>\n    <p class=\"text-gray-700 mt-2 text-lg max-w-4xl\">\n Artyku\u0142y, wzmianki i sieci partnerskie dotycz\u0105ce Splitbota i KOSMO.\n    <\/p>\n  <\/div>\n\n  <div class=\"grid grid-cols-1 sm:grid-cols-2 lg:grid-cols-3 xl:grid-cols-4 gap-6\">\n\n    <!-- Kachel-Template:\n         - feste H\u00f6he: min-h + flex\n         - Logo-Zone: h-28 (gr\u00f6\u00dfer), object-contain\n         - Titel unten: text-center\n    -->\n\n    <!-- Digitalisierungspreis -->\n    <a href=\"https:\/\/www.schleswig-holstein.de\/DE\/landesregierung\/themen\/digitalisierung\/digitalisierung-zukunftsthema\/Digitalisierungspreis\" target=\"_blank\" rel=\"noopener noreferrer\" class=\"group rounded-3xl bg-[#e4eaff] p-6 shadow-sm hover:shadow-md transition flex flex-col justify-between min-h-[240px]\">\n      <div class=\"flex items-center justify-center h-28\">\n        <img decoding=\"async\" src=\"https:\/\/splitbot.ai\/wp-content\/uploads\/2025\/11\/logo_digitalisierungspreis.webp\" alt=\"Nagroda za cyfryzacj\u0119 Szlezwika-Holsztynu\" class=\"max-h-24 w-auto max-w-[92%] object-contain\"\/>\n      <\/div>\n      <div class=\"pt-4 text-center\">\n        <p class=\"text-sm font-semibold text-gray-800\">Nagroda za cyfryzacj\u0119 Szlezwika-Holsztynu<\/p>\n        <p class=\"text-xs text-gray-600 mt-1\">Zwyci\u0119zca 2025<\/p>\n      <\/div>\n    <\/a>\n\n<a href=\"https:\/\/kuenstliche-intelligenz.sh\/de\/forschungszulage-splitbot\" target=\"_blank\" rel=\"noopener noreferrer\" class=\"group rounded-3xl bg-[#e4eaff] p-6 shadow-sm hover:shadow-md transition flex flex-col justify-between min-h-[240px]\">\n\n  <div class=\"flex items-center justify-center h-28\">\n    <img decoding=\"async\" src=\"https:\/\/splitbot.ai\/wp-content\/uploads\/2025\/07\/forschungszulage-splitbot.png\" alt=\"Dotacja na badania Splitbot\" class=\"max-h-24 w-auto max-w-[92%] object-contain\"\/>\n  <\/div>\n\n  <div class=\"pt-4 text-center\">\n    <p class=\"text-sm font-semibold text-gray-800\">Dodatek na badania<\/p>\n    <p class=\"text-xs text-gray-600 mt-1\">Centrum Transferu AI Szlezwik-Holsztyn<\/p>\n  <\/div>\n<\/a>\n\n\n    <!-- IHK Webinar Mediathek -->\n    <a href=\"https:\/\/www.ihk.de\/schleswig-holstein\/produktmarken\/ihre-ihk\/medien\/webinar-mediathek\/digitalisierung\/webinar-open-source-ki-6428414\" target=\"_blank\" rel=\"noopener noreferrer\" class=\"group rounded-3xl bg-[#e4eaff] p-6 shadow-sm hover:shadow-md transition flex flex-col justify-between min-h-[240px]\">\n      <div class=\"flex items-center justify-center h-28\">\n        <img decoding=\"async\" src=\"https:\/\/splitbot.ai\/wp-content\/uploads\/2025\/02\/csm_IHK-Logo_SH_CMYK_v1_275f6f8307.png\" alt=\"IHK Schleswig-Holstein\" class=\"max-h-24 w-auto max-w-[92%] object-contain\"\/>\n      <\/div>\n      <div class=\"pt-4 text-center\">\n        <p class=\"text-sm font-semibold text-gray-800\">Biblioteka webinar\u00f3w IHK<\/p>\n        <p class=\"text-xs text-gray-600 mt-1\">Sztuczna inteligencja Open Source \/ Prezentacja<\/p>\n      <\/div>\n    <\/a>\n\n    <!-- DiWiSH -->\n    <a href=\"https:\/\/www.diwish.de\/newsarchiv\/jahresbericht-2024-ein-rueckblick-und-ausblick-fuer-den-echten-norden.html\" target=\"_blank\" rel=\"noopener noreferrer\" class=\"group rounded-3xl bg-[#e4eaff] p-6 shadow-sm hover:shadow-md transition flex flex-col justify-between min-h-[240px]\">\n      <div class=\"flex items-center justify-center h-28\">\n        <img decoding=\"async\" src=\"https:\/\/splitbot.ai\/wp-content\/uploads\/2025\/02\/diwish-logo.png\" alt=\"DiWiSH\" class=\"max-h-24 w-auto max-w-[92%] object-contain\"\/>\n      <\/div>\n      <div class=\"pt-4 text-center\">\n        <p class=\"text-sm font-semibold text-gray-800\">Raport roczny DiWiSH<\/p>\n        <p class=\"text-xs text-gray-600 mt-1\">Sie\u0107 \/ Wzmianka<\/p>\n      <\/div>\n    <\/a>\n\n    <!-- L\u00fcbecker Nachrichten -->\n    <a href=\"https:\/\/www.ln-online.de\/der-norden\/luebeck-splitbot-begegnet-mit-kuenstlicher-intelligenz-dem-fachkraeftemangel-3TOB2CTGQBEWDD5TYXM6MFCBBM.html\" target=\"_blank\" rel=\"noopener noreferrer\" class=\"group rounded-3xl bg-[#e4eaff] p-6 shadow-sm hover:shadow-md transition flex flex-col justify-between min-h-[240px]\">\n      <div class=\"flex items-center justify-center h-28\">\n        <img decoding=\"async\" src=\"https:\/\/splitbot.ai\/wp-content\/uploads\/2025\/02\/Luebecker_Nachrichten_Logo.svg_.png\" alt=\"L\u00fcbecker Nachrichten\" class=\"max-h-24 w-auto max-w-[92%] object-contain\"\/>\n      <\/div>\n      <div class=\"pt-4 text-center\">\n        <p class=\"text-sm font-semibold text-gray-800\">L\u00fcbecker Nachrichten<\/p>\n        <p class=\"text-xs text-gray-600 mt-1\">Artyku\u0142: Sztuczna inteligencja przeciwko brakowi wykwalifikowanych pracownik\u00f3w<\/p>\n      <\/div>\n    <\/a>\n\n    <!-- Wirtschaftsf\u00f6rderung L\u00fcbeck -->\n    <a href=\"https:\/\/luebeck.org\/splitbot\" target=\"_blank\" rel=\"noopener noreferrer\" class=\"group rounded-3xl bg-[#e4eaff] p-6 shadow-sm hover:shadow-md transition flex flex-col justify-between min-h-[240px]\">\n      <div class=\"flex items-center justify-center h-28\">\n        <img decoding=\"async\" src=\"https:\/\/splitbot.ai\/wp-content\/uploads\/2025\/02\/wirtschaftsfoerderung-luebeck.png\" alt=\"Wspieranie gospodarki Lubeki\" class=\"max-h-24 w-auto max-w-[92%] object-contain\"\/>\n      <\/div>\n      <div class=\"pt-4 text-center\">\n        <p class=\"text-sm font-semibold text-gray-800\">Wspieranie gospodarki Lubeki<\/p>\n        <p class=\"text-xs text-gray-600 mt-1\">Profil firmy \/ Wk\u0142ad<\/p>\n      <\/div>\n    <\/a>\n\n    <!-- appliedAI -->\n    <a href=\"https:\/\/www.appliedai-institute.de\/ai-startups-deutschland\" target=\"_blank\" rel=\"noopener noreferrer\" class=\"group rounded-3xl bg-[#e4eaff] p-6 shadow-sm hover:shadow-md transition flex flex-col justify-between min-h-[240px]\">\n      <div class=\"flex items-center justify-center h-28\">\n        <img decoding=\"async\" src=\"https:\/\/splitbot.ai\/wp-content\/uploads\/2025\/02\/Vektor-Smartobjekt-ai.png\" alt=\"appliedAI Institute\" class=\"max-h-24 w-auto max-w-[92%] object-contain\"\/>\n      <\/div>\n      <div class=\"pt-4 text-center\">\n        <p class=\"text-sm font-semibold text-gray-800\">appliedAI Institute<\/p>\n        <p class=\"text-xs text-gray-600 mt-1\">Lista startup\u00f3w \/ Widoczno\u015b\u0107<\/p>\n      <\/div>\n    <\/a>\n\n    <!-- TZL -->\n   <a href=\"https:\/\/tzl.de\/2023\/10\/09\/existenzgruenderpreis-der-luebecker-wirtschaft-2023-gateway49-team-tooltip-gewinnt\/\" target=\"_blank\" rel=\"noopener noreferrer\" class=\"group rounded-3xl bg-[#e4eaff] p-6 shadow-sm hover:shadow-md transition flex flex-col justify-between min-h-[240px]\">\n\n  <div class=\"flex items-center justify-center h-28\">\n    <img decoding=\"async\" src=\"https:\/\/splitbot.ai\/wp-content\/uploads\/2025\/02\/ALL_TZL-Logo_blau-freigestellt-1030x375-1.webp\" alt=\"Technikzentrum L\u00fcbeck\" class=\"max-h-24 w-auto max-w-[92%] object-contain\"\/>\n  <\/div>\n\n  <div class=\"pt-4 text-center\">\n    <p class=\"text-sm font-semibold text-gray-800\">Centrum Techniki Lubeka (TZL)<\/p>\n    <p class=\"text-xs text-gray-600 mt-1\">Nagroda dla Innowacyjnych Przedsi\u0119biorstw 2023<\/p>\n  <\/div>\n<\/a>\n\n\n    <!-- Startup Days L\u00fcbeck -->\n    <a href=\"https:\/\/startup-days.de\/speaker\/tadeusz-nikitin\/\" target=\"_blank\" rel=\"noopener noreferrer\" class=\"group rounded-3xl bg-[#e4eaff] p-6 shadow-sm hover:shadow-md transition flex flex-col justify-between min-h-[240px]\">\n      <div class=\"flex items-center justify-center h-28\">\n        <img decoding=\"async\" src=\"https:\/\/splitbot.ai\/wp-content\/uploads\/2025\/02\/LOGO_SDL_sw_2024_gelb-300x300-1.webp\" alt=\"Startup Days L\u00fcbeck\" class=\"max-h-24 w-auto max-w-[92%] object-contain\"\/>\n      <\/div>\n      <div class=\"pt-4 text-center\">\n        <p class=\"text-sm font-semibold text-gray-800\">Startup Days L\u00fcbeck<\/p>\n        <p class=\"text-xs text-gray-600 mt-1\">Profil prelegenta<\/p>\n      <\/div>\n    <\/a>\n\n    <!-- KI-Transfer-Hub SH -->\n    <a href=\"https:\/\/kuenstliche-intelligenz.sh\/de\/den-internen-postverkehr-mit-ki-digitalisieren\" target=\"_blank\" rel=\"noopener noreferrer\" class=\"group rounded-3xl bg-[#e4eaff] p-6 shadow-sm hover:shadow-md transition flex flex-col justify-between min-h-[240px]\">\n      <div class=\"flex items-center justify-center h-28\">\n        <img decoding=\"async\" src=\"https:\/\/splitbot.ai\/wp-content\/uploads\/2026\/01\/Logo_KI-Transfer-Hub-SH_CMYK.png\" alt=\"Centrum Transferu AI Szlezwik-Holsztyn\" class=\"max-h-24 w-auto max-w-[92%] object-contain\"\/>\n      <\/div>\n      <div class=\"pt-4 text-center\">\n        <p class=\"text-sm font-semibold text-gray-800\">Centrum Transferu AI SH<\/p>\n        <p class=\"text-xs text-gray-600 mt-1\">Artyku\u0142: Korespondencja pocztowa ze sztuczn\u0105 inteligencj\u0105<\/p>\n      <\/div>\n    <\/a>\n\n    <!-- Mentoren SH -->\n    <a href=\"https:\/\/www.mentoren-sh.de\/2025\/09\/interview-tadeusz-nikitin\/\" target=\"_blank\" rel=\"noopener noreferrer\" class=\"group rounded-3xl bg-[#e4eaff] p-6 shadow-sm hover:shadow-md transition flex flex-col justify-between min-h-[240px]\">\n      <div class=\"flex items-center justify-center h-28\">\n        <img decoding=\"async\" src=\"https:\/\/splitbot.ai\/wp-content\/uploads\/2025\/09\/logo-300x51.png\" alt=\"Mentorzy Szlezwik-Holsztyn\" class=\"max-h-20 w-auto max-w-[92%] object-contain\"\/>\n      <\/div>\n      <div class=\"pt-4 text-center\">\n        <p class=\"text-sm font-semibold text-gray-800\">Mentorzy SH<\/p>\n        <p class=\"text-xs text-gray-600 mt-1\">Wywiad<\/p>\n      <\/div>\n    <\/a>\n\n    <!-- \u2026 den Rest deiner Kacheln einfach im gleichen Muster weiterf\u00fchren \u2026 -->\n\n  <\/div>\n\n  \n<\/section>\n\n\n  <!-- CTA -->\n  <section class=\"max-w-6xl mx-auto px-6 pb-20\">\n    <div class=\"rounded-[55px] p-10 md:p-14 text-center\" style=\"background:linear-gradient(135deg,rgba(7,146,227,0.12) 0%,rgba(155,81,224,0.35) 100%);\">\n      <h2 class=\"text-2xl md:text-3xl font-bold mb-3\">Piszesz o Splitbot?<\/h2>\n      <p class=\"text-lg text-gray-700 mb-6\">\n  Szybko dostarczamy wypowiedzi, informacje og\u00f3lne i materia\u0142y prasowe \u2013 i ch\u0119tnie poka\u017cemy na \u017cywo, jak KOSMO jest wykorzystywany w przedsi\u0119biorstwach i gminach.\n      <\/p>\n      <a href=\"https:\/\/splitbot.ai\/pl\/kontakt\/\" class=\"inline-block bg-[#8A8AB2] text-white px-8 py-3 rounded-xl font-semibold shadow hover:bg-[#77779c] transition\">\n  Skontaktuj si\u0119 z dzia\u0142em prasowym\n      <\/a>\n    <\/div>\n  <\/section>\n\n\n\n<\/div>\n","protected":false},"excerpt":{"rendered":"<p>Prasa | Splitbot Prasa Tutaj znajdziesz artyku\u0142y, wzmianki i sieci partnerskie dotycz\u0105ce Splitbot i naszego cyfrowego asystenta KOSMO. Opracowujemy suwerenne pod wzgl\u0119dem danych rozwi\u0105zania AI \u2013 opcjonalnie on-premise lub w certyfikowanych centrach danych w Niemczech \u2013 z naciskiem na ochron\u0119 danych, transparentno\u015b\u0107 i kontrol\u0119. Kontakt dla prasy Zobacz artyku\u0142 Kr\u00f3tki profil Splitbot rozwija KOSMO \u2013 [&hellip;]<\/p>\n","protected":false},"author":1,"featured_media":0,"parent":0,"menu_order":0,"comment_status":"closed","ping_status":"closed","template":"","meta":{"footnotes":""},"class_list":["post-4477","page","type-page","status-publish","hentry"],"yoast_head":"<!-- This site is optimized with the Yoast SEO plugin v26.7 - https:\/\/yoast.com\/wordpress\/plugins\/seo\/ -->\n<title>Media o Splitbot | Relacje prasowe i nagrody<\/title>\n<meta name=\"description\" content=\"Media o Splitbot: Relacje prasowe, artyku\u0142y i nagrody dotycz\u0105ce naszych rozwi\u0105za\u0144 chatbot\u00f3w AI i naszej firmy.\" \/>\n<meta name=\"robots\" content=\"index, follow, max-snippet:-1, max-image-preview:large, max-video-preview:-1\" \/>\n<link rel=\"canonical\" href=\"https:\/\/splitbot.ai\/pl\/prasa-3\/\" \/>\n<meta property=\"og:locale\" content=\"pl_PL\" \/>\n<meta property=\"og:type\" content=\"article\" \/>\n<meta property=\"og:title\" content=\"Media o Splitbot | Relacje prasowe i nagrody\" \/>\n<meta property=\"og:description\" content=\"Media o Splitbot: Relacje prasowe, artyku\u0142y i nagrody dotycz\u0105ce naszych rozwi\u0105za\u0144 chatbot\u00f3w AI i naszej firmy.\" \/>\n<meta property=\"og:url\" content=\"https:\/\/splitbot.ai\/pl\/prasa-3\/\" \/>\n<meta property=\"og:site_name\" content=\"Wprowad\u017a suwerenno\u015b\u0107 cyfrow\u0105 do swojego \u015brodowiska pracy dzi\u0119ki splitbot.ai.\" \/>\n<meta property=\"article:modified_time\" content=\"2026-01-15T12:25:04+00:00\" \/>\n<meta property=\"og:image\" content=\"https:\/\/splitbot.ai\/wp-content\/uploads\/2025\/11\/logo_digitalisierungspreis.webp\" \/>\n<meta name=\"twitter:card\" content=\"summary_large_image\" \/>\n<meta name=\"twitter:label1\" content=\"Szacowany czas czytania\" \/>\n\t<meta name=\"twitter:data1\" content=\"2 minuty\" \/>\n<script type=\"application\/ld+json\" class=\"yoast-schema-graph\">{\"@context\":\"https:\/\/schema.org\",\"@graph\":[{\"@type\":\"WebPage\",\"@id\":\"https:\/\/splitbot.ai\/pl\/prasa-3\/\",\"url\":\"https:\/\/splitbot.ai\/pl\/prasa-3\/\",\"name\":\"Media o Splitbot | Relacje prasowe i nagrody\",\"isPartOf\":{\"@id\":\"https:\/\/splitbot.ai\/pl\/#website\"},\"primaryImageOfPage\":{\"@id\":\"https:\/\/splitbot.ai\/pl\/prasa-3\/#primaryimage\"},\"image\":{\"@id\":\"https:\/\/splitbot.ai\/pl\/prasa-3\/#primaryimage\"},\"thumbnailUrl\":\"https:\/\/splitbot.ai\/wp-content\/uploads\/2025\/11\/logo_digitalisierungspreis.webp\",\"datePublished\":\"2026-01-15T11:16:15+00:00\",\"dateModified\":\"2026-01-15T12:25:04+00:00\",\"description\":\"Media o Splitbot: Relacje prasowe, artyku\u0142y i nagrody dotycz\u0105ce naszych rozwi\u0105za\u0144 chatbot\u00f3w AI i naszej firmy.\",\"breadcrumb\":{\"@id\":\"https:\/\/splitbot.ai\/pl\/prasa-3\/#breadcrumb\"},\"inLanguage\":\"pl-PL\",\"potentialAction\":[{\"@type\":\"ReadAction\",\"target\":[\"https:\/\/splitbot.ai\/pl\/prasa-3\/\"]}]},{\"@type\":\"ImageObject\",\"inLanguage\":\"pl-PL\",\"@id\":\"https:\/\/splitbot.ai\/pl\/prasa-3\/#primaryimage\",\"url\":\"https:\/\/splitbot.ai\/wp-content\/uploads\/2025\/11\/logo_digitalisierungspreis.webp\",\"contentUrl\":\"https:\/\/splitbot.ai\/wp-content\/uploads\/2025\/11\/logo_digitalisierungspreis.webp\"},{\"@type\":\"BreadcrumbList\",\"@id\":\"https:\/\/splitbot.ai\/pl\/prasa-3\/#breadcrumb\",\"itemListElement\":[{\"@type\":\"ListItem\",\"position\":1,\"name\":\"Start\",\"item\":\"https:\/\/splitbot.ai\/pl\/\"},{\"@type\":\"ListItem\",\"position\":2,\"name\":\"Prasa\"}]},{\"@type\":\"WebSite\",\"@id\":\"https:\/\/splitbot.ai\/pl\/#website\",\"url\":\"https:\/\/splitbot.ai\/pl\/\",\"name\":\"Digital Souver\u00e4ne KI f\u00fcr deinen Arbeitsplatz\",\"description\":\"\",\"publisher\":{\"@id\":\"https:\/\/splitbot.ai\/pl\/#organization\"},\"potentialAction\":[{\"@type\":\"SearchAction\",\"target\":{\"@type\":\"EntryPoint\",\"urlTemplate\":\"https:\/\/splitbot.ai\/pl\/?s={search_term_string}\"},\"query-input\":{\"@type\":\"PropertyValueSpecification\",\"valueRequired\":true,\"valueName\":\"search_term_string\"}}],\"inLanguage\":\"pl-PL\"},{\"@type\":\"Organization\",\"@id\":\"https:\/\/splitbot.ai\/pl\/#organization\",\"name\":\"Splitbot\",\"url\":\"https:\/\/splitbot.ai\/pl\/\",\"logo\":{\"@type\":\"ImageObject\",\"inLanguage\":\"pl-PL\",\"@id\":\"https:\/\/splitbot.ai\/pl\/#\/schema\/logo\/image\/\",\"url\":\"https:\/\/splitbot.ai\/wp-content\/uploads\/2025\/02\/Log_Wort_Bild_Lilablau.png\",\"contentUrl\":\"https:\/\/splitbot.ai\/wp-content\/uploads\/2025\/02\/Log_Wort_Bild_Lilablau.png\",\"width\":393,\"height\":46,\"caption\":\"Splitbot\"},\"image\":{\"@id\":\"https:\/\/splitbot.ai\/pl\/#\/schema\/logo\/image\/\"}}]}<\/script>\n<!-- \/ Yoast SEO plugin. -->","yoast_head_json":{"title":"Media o Splitbot | Relacje prasowe i nagrody","description":"Media o Splitbot: Relacje prasowe, artyku\u0142y i nagrody dotycz\u0105ce naszych rozwi\u0105za\u0144 chatbot\u00f3w AI i naszej firmy.","robots":{"index":"index","follow":"follow","max-snippet":"max-snippet:-1","max-image-preview":"max-image-preview:large","max-video-preview":"max-video-preview:-1"},"canonical":"https:\/\/splitbot.ai\/pl\/prasa-3\/","og_locale":"pl_PL","og_type":"article","og_title":"Media o Splitbot | Relacje prasowe i nagrody","og_description":"Media o Splitbot: Relacje prasowe, artyku\u0142y i nagrody dotycz\u0105ce naszych rozwi\u0105za\u0144 chatbot\u00f3w AI i naszej firmy.","og_url":"https:\/\/splitbot.ai\/pl\/prasa-3\/","og_site_name":"Wprowad\u017a suwerenno\u015b\u0107 cyfrow\u0105 do swojego \u015brodowiska pracy dzi\u0119ki splitbot.ai.","article_modified_time":"2026-01-15T12:25:04+00:00","og_image":[{"url":"https:\/\/splitbot.ai\/wp-content\/uploads\/2025\/11\/logo_digitalisierungspreis.webp","type":"","width":"","height":""}],"twitter_card":"summary_large_image","twitter_misc":{"Szacowany czas czytania":"2 minuty"},"schema":{"@context":"https:\/\/schema.org","@graph":[{"@type":"WebPage","@id":"https:\/\/splitbot.ai\/pl\/prasa-3\/","url":"https:\/\/splitbot.ai\/pl\/prasa-3\/","name":"Media o Splitbot | Relacje prasowe i nagrody","isPartOf":{"@id":"https:\/\/splitbot.ai\/pl\/#website"},"primaryImageOfPage":{"@id":"https:\/\/splitbot.ai\/pl\/prasa-3\/#primaryimage"},"image":{"@id":"https:\/\/splitbot.ai\/pl\/prasa-3\/#primaryimage"},"thumbnailUrl":"https:\/\/splitbot.ai\/wp-content\/uploads\/2025\/11\/logo_digitalisierungspreis.webp","datePublished":"2026-01-15T11:16:15+00:00","dateModified":"2026-01-15T12:25:04+00:00","description":"Media o Splitbot: Relacje prasowe, artyku\u0142y i nagrody dotycz\u0105ce naszych rozwi\u0105za\u0144 chatbot\u00f3w AI i naszej firmy.","breadcrumb":{"@id":"https:\/\/splitbot.ai\/pl\/prasa-3\/#breadcrumb"},"inLanguage":"pl-PL","potentialAction":[{"@type":"ReadAction","target":["https:\/\/splitbot.ai\/pl\/prasa-3\/"]}]},{"@type":"ImageObject","inLanguage":"pl-PL","@id":"https:\/\/splitbot.ai\/pl\/prasa-3\/#primaryimage","url":"https:\/\/splitbot.ai\/wp-content\/uploads\/2025\/11\/logo_digitalisierungspreis.webp","contentUrl":"https:\/\/splitbot.ai\/wp-content\/uploads\/2025\/11\/logo_digitalisierungspreis.webp"},{"@type":"BreadcrumbList","@id":"https:\/\/splitbot.ai\/pl\/prasa-3\/#breadcrumb","itemListElement":[{"@type":"ListItem","position":1,"name":"Start","item":"https:\/\/splitbot.ai\/pl\/"},{"@type":"ListItem","position":2,"name":"Prasa"}]},{"@type":"WebSite","@id":"https:\/\/splitbot.ai\/pl\/#website","url":"https:\/\/splitbot.ai\/pl\/","name":"Digital Souver\u00e4ne KI f\u00fcr deinen Arbeitsplatz","description":"","publisher":{"@id":"https:\/\/splitbot.ai\/pl\/#organization"},"potentialAction":[{"@type":"SearchAction","target":{"@type":"EntryPoint","urlTemplate":"https:\/\/splitbot.ai\/pl\/?s={search_term_string}"},"query-input":{"@type":"PropertyValueSpecification","valueRequired":true,"valueName":"search_term_string"}}],"inLanguage":"pl-PL"},{"@type":"Organization","@id":"https:\/\/splitbot.ai\/pl\/#organization","name":"Splitbot","url":"https:\/\/splitbot.ai\/pl\/","logo":{"@type":"ImageObject","inLanguage":"pl-PL","@id":"https:\/\/splitbot.ai\/pl\/#\/schema\/logo\/image\/","url":"https:\/\/splitbot.ai\/wp-content\/uploads\/2025\/02\/Log_Wort_Bild_Lilablau.png","contentUrl":"https:\/\/splitbot.ai\/wp-content\/uploads\/2025\/02\/Log_Wort_Bild_Lilablau.png","width":393,"height":46,"caption":"Splitbot"},"image":{"@id":"https:\/\/splitbot.ai\/pl\/#\/schema\/logo\/image\/"}}]}},"_links":{"self":[{"href":"https:\/\/splitbot.ai\/pl\/wp-json\/wp\/v2\/pages\/4477","targetHints":{"allow":["GET"]}}],"collection":[{"href":"https:\/\/splitbot.ai\/pl\/wp-json\/wp\/v2\/pages"}],"about":[{"href":"https:\/\/splitbot.ai\/pl\/wp-json\/wp\/v2\/types\/page"}],"author":[{"embeddable":true,"href":"https:\/\/splitbot.ai\/pl\/wp-json\/wp\/v2\/users\/1"}],"replies":[{"embeddable":true,"href":"https:\/\/splitbot.ai\/pl\/wp-json\/wp\/v2\/comments?post=4477"}],"version-history":[{"count":13,"href":"https:\/\/splitbot.ai\/pl\/wp-json\/wp\/v2\/pages\/4477\/revisions"}],"predecessor-version":[{"id":4586,"href":"https:\/\/splitbot.ai\/pl\/wp-json\/wp\/v2\/pages\/4477\/revisions\/4586"}],"wp:attachment":[{"href":"https:\/\/splitbot.ai\/pl\/wp-json\/wp\/v2\/media?parent=4477"}],"curies":[{"name":"wp","href":"https:\/\/api.w.org\/{rel}","templated":true}]}}