{"id":3849,"date":"2025-11-11T13:49:37","date_gmt":"2025-11-11T12:49:37","guid":{"rendered":"https:\/\/splitbot.ai\/?page_id=3849"},"modified":"2026-01-15T13:30:31","modified_gmt":"2026-01-15T12:30:31","slug":"zostan-partnerem-2","status":"publish","type":"page","link":"https:\/\/splitbot.ai\/pl\/zostan-partnerem-2\/","title":{"rendered":"RAG i ochrona danych"},"content":{"rendered":"\n<div class=\"wp-block-group alignfull has-base-background-color has-background has-global-padding is-layout-constrained wp-block-group-is-layout-constrained\" style=\"border-style:none;border-width:0px;border-radius:0px;margin-top:0;margin-bottom:0;padding-top:var(--wp--preset--spacing--30);padding-bottom:var(--wp--preset--spacing--30)\">\n<div class=\"wp-block-columns alignwide is-not-stacked-on-mobile is-layout-flex wp-container-core-columns-is-layout-0c08611d wp-block-columns-is-layout-flex\" style=\"margin-top:-120px;margin-bottom:0;padding-top:0px;padding-right:0;padding-bottom:0px;padding-left:0\">\n<div class=\"wp-block-column is-layout-flow wp-block-column-is-layout-flow\" style=\"padding-top:0px;padding-bottom:0px\">\n\n\n\n  <meta charset=\"UTF-8\"\/>\n  <meta name=\"viewport\" content=\"width=device-width, initial-scale=1\"\/>\n  <title>RAG i ochrona danych | Zalecenia DSK i KOSMO dla Twojego M\u015aP<\/title>\n  <meta name=\"description\" content=\"RAG i ochrona danych: Co oznaczaj\u0105 wytyczne Konferencji Ochrony Danych (DSK) dotycz\u0105ce wykorzystania system\u00f3w AI w M\u015aP, gminach i administracji \u2013 i jak KOSMO spe\u0142nia te wymagania.\"\/>\n  <script src=\"https:\/\/cdn.tailwindcss.com\"><\/script>\n  <script src=\"https:\/\/unpkg.com\/lucide@latest\"><\/script>\n  <style>\n    a:focus, button:focus { outline: 2px solid #8A8AB2; outline-offset: 2px; }\n  <\/style>\n\n\n\n  <!-- Hero -->\n  <section class=\"max-w-7xl mx-auto px-6 mt-10\">\n    <div class=\"rounded-[55px] p-8 md:p-14 flex flex-col gap-6\" style=\"background:linear-gradient(135deg,rgba(7,146,227,0.12) 0%,rgba(155,81,224,0.35) 100%);\">\n      <div class=\"max-w-3xl\">\n        <h1 class=\"text-3xl sm:text-4xl md:text-5xl font-extrabold leading-tight mb-4\">\n RAG i ochrona danych:<br\/>          <span class=\"text-gray-800\">Co nowe wytyczne DSK oznaczaj\u0105 dla Twojej firmy<\/span>\n        <\/h1>\n        <p class=\"text-lg md:text-xl\">\n Konferencja Ochrony Danych (DSK) opublikowa\u0142a jasne wytyczne dla system\u00f3w AI wykorzystuj\u0105cych Retrieval Augmented Generation (RAG).\n Dowiedz si\u0119, co si\u0119 za tym kryje \u2013 i dlaczego KOSMO jest specjalnie zaprojektowany, aby spe\u0142ni\u0107 te wymagania.\n        <\/p>\n      <\/div>\n      <div class=\"flex flex-wrap gap-4 items-center\">\n         <a href=\"#kosmo\" class=\"bg-[#8A8AB2] text-white px-6 py-3 rounded-xl font-semibold shadow hover:bg-[#77779c] transition\">\n Jak KOSMO spe\u0142nia zalecenia DSK\n<\/a>\n<a href=\"https:\/\/www.datenschutzkonferenz-online.de\/media\/oh\/DSK_OH_RAG.pdf\" target=\"_blank\" rel=\"noopener noreferrer\" class=\"px-6 py-3 rounded-xl font-semibold border border-[#8A8AB2] text-[#8A8AB2] hover:bg-[#8A8AB2] hover:text-white transition flex items-center gap-2\">\n<i data-lucide=\"file-text\" class=\"w-5 h-5\"><\/i>\n Zobacz wytyczne DSK (PDF)\n<\/a> \n      <\/div>\n    <\/div>\n  <\/section>\n\n  <!-- Wer ist die DSK -->\n  <section class=\"max-w-7xl mx-auto px-6 py-12\">\n    <div class=\"grid grid-cols-1 md:grid-cols-3 gap-10 items-start\">\n      <div class=\"md:col-span-2\">\n        <h2 class=\"text-2xl md:text-3xl font-bold mb-4\">Czym jest DSK \u2013 i dlaczego jest wa\u017cna?<\/h2>\n        <p class=\"text-lg mb-3\">\n Konferencja Ochrony Danych (DSK) jest wsp\u00f3lnym organem niezale\u017cnych organ\u00f3w nadzorczych ds. ochrony danych\n federacji i 16 land\u00f3w. Opracowuje wsp\u00f3lne stanowiska i wytyczne dotycz\u0105ce ochrony danych. \n        <\/p>\n        <p class=\"text-lg mb-3\">\n Jej publikacje nie s\u0105 prawnie wi\u0105\u017c\u0105ce, ale faktycznie wyznaczaj\u0105 kierunek:\n pokazuj\u0105, jak organy nadzorcze oceniaj\u0105 technologie \u2013 a tym samym, co w kontrolach jest uznawane za\n zgodne z ochron\u0105 danych lub ryzykowne.\n        <\/p>\n        <p class=\"text-lg\">\n Ka\u017cdy, kto obecnie wykorzystuje lub planuje systemy AI, powinien traktowa\u0107 zalecenia DSK jako wiarygodny kompas \u2013\n szczeg\u00f3lnie w zakresie przetwarzania danych osobowych w firmach, gminach i obszarach wra\u017cliwych.\n        <\/p>\n      <\/div>\n      <div class=\"bg-gray-50 rounded-2xl p-5 shadow flex flex-col gap-3\">\n        <div class=\"flex items-center gap-2\">\n          <i data-lucide=\"shield-check\" class=\"w-6 h-6 text-[#8A8AB2]\"><\/i>\n          <span class=\"font-semibold\">Znaczenie dla Ciebie<\/span>\n        <\/div>\n        <ul class=\"text-sm space-y-2\">\n          <li>Jednolite stanowisko organ\u00f3w nadzorczych<\/li>\n          <li>Konkretne wytyczne dla system\u00f3w AI i RAG<\/li>\n          <li>Wysoka praktyczna przydatno\u015b\u0107 dla M\u015aP i administracji<\/li>\n        <\/ul>\n      <\/div>\n    <\/div>\n  <\/section>\n\n  <!-- Was ist RAG -->\n  <section class=\"max-w-7xl mx-auto px-6 pb-12\">\n    <div class=\"bg-gray-50 rounded-[40px] p-8 md:p-10 shadow\">\n      <h2 class=\"text-2xl md:text-3xl font-bold mb-4\">Czym jest RAG \u2013 kr\u00f3tkie wyja\u015bnienie<\/h2>\n      <p class=\"text-lg mb-4\">\n RAG oznacza <strong>Retrieval Augmented Generation<\/strong>. M\u00f3wi\u0105c pro\u015bciej:\n model j\u0119zykowy AI jest po\u0142\u0105czony z inteligentnym wyszukiwaniem w Twoich w\u0142asnych danych. \n      <\/p>\n      <p class=\"text-lg mb-4\">\n Zanim model wygeneruje odpowied\u017a, modu\u0142 wyszukiwania przeszukuje Twoje\n dokumenty, e-maile lub bazy wiedzy i udost\u0119pnia istotne tre\u015bci. AI wykorzystuje\n nast\u0119pnie te aktualne, wewn\u0119trzne informacje do udzielenia odpowiedzi \u2013 wraz z podaniem \u017ar\u00f3de\u0142. \n      <\/p>\n      <p class=\"text-lg mb-2\">\n Wa\u017cne: Dokumenty nie s\u0105 trwale integrowane z modelem. Pozostaj\u0105 w Twojej bazie danych i mog\u0105 by\u0107 w ka\u017cdej chwili modyfikowane lub usuwane. Takie podej\u015bcie zapewnia wyra\u017ane korzy\u015bci w zakresie ochrony danych, przejrzysto\u015bci i realizacji praw os\u00f3b, kt\u00f3rych dane dotycz\u0105.  \n      <\/p>\n      <ul class=\"mt-4 grid grid-cols-1 md:grid-cols-3 gap-4 text-sm\">\n        <li class=\"flex items-start gap-2\">\n          <i data-lucide=\"search\" class=\"w-5 h-5 mt-0.5 text-[#8A8AB2]\"><\/i>\n Wyszukiwanie semantyczne zamiast s\u0142\u00f3w kluczowych\n        <\/li>\n        <li class=\"flex items-start gap-2\">\n          <i data-lucide=\"book-open-check\" class=\"w-5 h-5 mt-0.5 text-[#8A8AB2]\"><\/i>\n Odpowiedzi z Twoich rzeczywistych dokument\u00f3w\n        <\/li>\n        <li class=\"flex items-start gap-2\">\n          <i data-lucide=\"link-2\" class=\"w-5 h-5 mt-0.5 text-[#8A8AB2]\"><\/i>\n Powi\u0105zane ze \u017ar\u00f3d\u0142ami w spos\u00f3b mo\u017cliwy do prze\u015bledzenia\n        <\/li>\n      <\/ul>\n    <\/div>\n  <\/section>\n\n  <!-- Vorteile laut DSK -->\n  <section class=\"max-w-7xl mx-auto px-6 pb-16\">\n    <h2 class=\"text-2xl md:text-3xl font-bold mb-6\">\n Jakie szanse DSK dostrzega w systemach RAG?\n    <\/h2>\n    <p class=\"text-lg mb-6\">\n Wytyczne pokazuj\u0105: systemy RAG mog\u0105 by\u0107 wa\u017cnym elementem AI zgodnej z ochron\u0105 danych \u2013\n je\u015bli s\u0105 w\u0142a\u015bciwie wdro\u017cone. W szczeg\u00f3lno\u015bci pozytywnie podkre\u015blane s\u0105 nast\u0119puj\u0105ce punkty: \n    <\/p>\n\n    <div class=\"grid grid-cols-1 md:grid-cols-2 lg:grid-cols-3 gap-6\">\n      <div class=\"bg-gray-50 rounded-2xl p-5 shadow\">\n        <h3 class=\"font-semibold mb-2\">Wi\u0119ksza poprawno\u015b\u0107<\/h3>\n        <p class=\"text-sm\">\n Odpowiedzi opieraj\u0105 si\u0119 na konkretnych dokumentach, a nie tylko na wiedzy treningowej.\n B\u0142\u0119dy mo\u017cna naprawi\u0107 poprzez aktualizacj\u0119 \u017ar\u00f3de\u0142.\n        <\/p>\n      <\/div>\n      <div class=\"bg-gray-50 rounded-2xl p-5 shadow\">\n        <h3 class=\"font-semibold mb-2\">Przejrzysto\u015b\u0107 i mo\u017cliwo\u015b\u0107 \u015bledzenia<\/h3>\n        <p class=\"text-sm\">\n Cytowanie \u017ar\u00f3de\u0142 umo\u017cliwia prze\u015bledzenie ka\u017cdej odpowiedzi \u2013\n plus dla zgodno\u015bci i dokumentacji.\n        <\/p>\n      <\/div>\n      <div class=\"bg-gray-50 rounded-2xl p-5 shadow\">\n        <h3 class=\"font-semibold mb-2\">Dane pozostaj\u0105 pod kontrol\u0105<\/h3>\n        <p class=\"text-sm\">\n Dane osobowe pozostaj\u0105 w w\u0142asnych systemach. RAG wykorzystuje je,\n bez trwa\u0142ego integrowania ich z modelem. \n        <\/p>\n      <\/div>\n      <div class=\"bg-gray-50 rounded-2xl p-5 shadow\">\n        <h3 class=\"font-semibold mb-2\">Mo\u017cliwo\u015b\u0107 realizacji praw os\u00f3b, kt\u00f3rych dane dotycz\u0105<\/h3>\n        <p class=\"text-sm\">\n Gdy usuniesz dokument, ma to natychmiastowy wp\u0142yw na przysz\u0142e odpowiedzi \u2013\n inaczej ni\u017c w przypadku modeli ze sta\u0142ym treningiem.\n        <\/p>\n      <\/div>\n      <div class=\"bg-gray-50 rounded-2xl p-5 shadow\">\n        <h3 class=\"font-semibold mb-2\">Realistyczne wdro\u017cenie on-premise<\/h3>\n        <p class=\"text-sm\">\n Mniejsze, ukierunkowane modele plus RAG umo\u017cliwiaj\u0105 dzia\u0142anie na w\u0142asnym sprz\u0119cie\n \u2013 bez zale\u017cno\u015bci od globalnych dostawc\u00f3w chmury.\n        <\/p>\n      <\/div>\n    <\/div>\n  <\/section>\n\n  <!-- Herausforderungen -->\n  <section class=\"max-w-7xl mx-auto px-6 pb-16\">\n    <div class=\"bg-white border border-gray-200 rounded-[40px] p-8 md:p-10 shadow-sm\">\n      <h2 class=\"text-2xl md:text-3xl font-bold mb-4\">Jakie ryzyka pozostaj\u0105?<\/h2>\n      <p class=\"text-lg mb-4\">\n DSK jasno stwierdza: RAG nie jest przepustk\u0105 do wszystkiego. Niekt\u00f3re wyzwania pozostaj\u0105\n i musz\u0105 by\u0107 aktywnie adresowane: \n      <\/p>\n      <ul class=\"list-disc list-inside space-y-2 text-sm\">\n        <li>Nielegalnie wytrenowany model bazowy pozostaje problematyczny \u2013 nawet z RAG.<\/li>\n        <li>Ograniczenie celu: Dane osobowe mog\u0105 by\u0107 przetwarzane wy\u0142\u0105cznie w konkretnym, wcze\u015bniej okre\u015blonym celu.<\/li>\n        <li>Ryzyko niepo\u017c\u0105danych powi\u0105za\u0144: Dane wewn\u0119trzne mog\u0105 by\u0107 powi\u0105zane z wiedz\u0105 ju\u017c obecn\u0105 w modelu.<\/li>\n        <li>Efekt czarnej skrzynki: Dok\u0142adna wewn\u0119trzna \u015bcie\u017cka decyzyjna modelu pozostaje technicznie z\u0142o\u017cona.<\/li>\n      <\/ul>\n      <p class=\"text-sm mt-4 text-gray-700\">\n W\u0142a\u015bnie dlatego potrzebne s\u0105 systemy, kt\u00f3re <strong>od samego pocz\u0105tku<\/strong> s\u0105 zaprojektowane z my\u015bl\u0105 o ochronie danych,\n kontrolowanych przep\u0142ywach danych i przejrzystej architekturze.\n      <\/p>\n    <\/div>\n  <\/section>\n\n  <!-- Wie KOSMO \/ Splitbot umsetzt -->\n  <section id=\"kosmo\" class=\"max-w-7xl mx_auto px-6 pb-20\">\n    <div class=\"rounded-[55px] p-8 md:p-12\" style=\"background:linear-gradient(135deg,rgba(7,146,227,0.12) 0%,rgba(155,81,224,0.35) 100%);\">\n      <h2 class=\"text-2xl md:text-3xl font-bold mb-6\">\n Jak KOSMO wdra\u017ca zalecenia DSK w praktyce\n      <\/h2>\n      <p class=\"text-lg mb-6\">\n KOSMO zosta\u0142 zaprojektowany od pocz\u0105tku tak, aby spe\u0142nia\u0142 opublikowane teraz wymagania DSK dla system\u00f3w RAG.\n      <\/p>\n\n      <div class=\"grid grid-cols-1 md:grid-cols-2 gap-5 text-sm\">\n        <div class=\"bg-white rounded-2xl p-5 shadow\">\n          <h3 class=\"font-semibold mb-1\">100% kontroli nad danymi<\/h3>\n          <p>KOSMO dzia\u0142a opcjonalnie ca\u0142kowicie on-premise lub w certyfikowanych centrach danych w Niemczech.\n Brak przekazywania danych do chmur US lub pa\u0144stw trzecich.<\/p>\n        <\/div>\n        <div class=\"bg-white rounded-2xl p-5 shadow\">\n          <h3 class=\"font-semibold mb-1\">Europejskie modele j\u0119zykowe<\/h3>\n          <p>Wykorzystanie i wymiana modeli kompatybilnych z europejskimi wymaganiami \u2013\n bez uzale\u017cnienia od w\u0142asno\u015bciowych API typu czarna skrzynka.<\/p>\n        <\/div>\n        <div class=\"bg-white rounded-2xl p-5 shadow\">\n          <h3 class=\"font-semibold mb-1\">RAG z pe\u0142n\u0105 kontrol\u0105<\/h3>\n          <p>To Ty definiujesz, kt\u00f3re \u017ar\u00f3d\u0142a danych zostan\u0105 pod\u0142\u0105czone. \u017badne dane nie s\u0105 wykorzystywane do treningu modelu \u2013 zmiany dzia\u0142aj\u0105 w czasie rzeczywistym. <\/p>\n        <\/div>\n        <div class=\"bg-white rounded-2xl p-5 shadow\">\n          <h3 class=\"font-semibold mb-1\">Cytowanie \u017ar\u00f3de\u0142 i przejrzysto\u015b\u0107<\/h3>\n          <p>Ka\u017cda odpowied\u017a mo\u017ce by\u0107 prze\u015bledziona do dokument\u00f3w \u017ar\u00f3d\u0142owych \u2013 idealne dla kontroli,\n audyt\u00f3w i zapewnienia jako\u015bci.<\/p>\n        <\/div>\n        <div class=\"bg-white rounded-2xl p-5 shadow\">\n          <h3 class=\"font-semibold mb-1\">Dost\u0119py oparte na rolach<\/h3>\n          <p>Precyzyjne uprawnienia: Pracownicy widz\u0105 tylko tre\u015bci, do kt\u00f3rych maj\u0105 uprawnienia \u2013\n technicznie wymuszone przez system.<\/p>\n        <\/div>\n        <div class=\"bg-white rounded-2xl p-5 shadow\">\n          <h3 class=\"font-semibold mb-1\">Kontrolowalne dane zewn\u0119trzne<\/h3>\n          <p>Wyszukiwanie w sieci i \u017ar\u00f3d\u0142a zewn\u0119trzne s\u0105 opcjonalne i wyra\u017anie oznaczone. Standard: wewn\u0119trzne,\n zweryfikowane zasoby wiedzy. <\/p>\n        <\/div>\n        <div class=\"bg-white rounded-2xl p-5 shadow\">\n          <h3 class=\"font-semibold mb-1\">Open Source i konfigurowalny<\/h3>\n          <p>Otwarte komponenty i przejrzysta architektura umo\u017cliwiaj\u0105 kontrol\u0119 techniczn\u0105 i prawn\u0105 \u2013\n prawdziwa zaleta w por\u00f3wnaniu z AI zamkni\u0119tego \u017ar\u00f3d\u0142a.<\/p>\n        <\/div>\n      <\/div>\n\n      <div class=\"mt-8 flex flex-wrap gap-4 items-center\">\n        <a href=\"https:\/\/splitbot.ai\/pl\/kontakt\/\" class=\"bg-[#8A8AB2] text-white px-6 py-3 rounded-xl font-semibold shadow hover:bg-[#77779c] transition\">\n Popro\u015b o konsultacj\u0119 w sprawie RAG i ochrony danych\n        <\/a>\n        <p class=\"text-sm text-gray-700 max-w-xl\">\n Idealne dla M\u015aP, gmin, sektora zdrowia i edukacji, dostawc\u00f3w energii, izb i wszystkich,\n kt\u00f3rzy chc\u0105 korzysta\u0107 z AI bez utraty kontroli nad swoimi danymi.\n        <\/p>\n      <\/div>\n    <\/div>\n  <\/section>\n\n\n\n<\/div>\n<\/div>\n<\/div>\n\n<p><\/p>\n","protected":false},"excerpt":{"rendered":"<p>RAG i ochrona danych | Zalecenia DSK i KOSMO dla Twojego M\u015aP RAG i ochrona danych: Co nowe wytyczne DSK oznaczaj\u0105 dla Twojej firmy Konferencja Ochrony Danych (DSK) opublikowa\u0142a jasne wytyczne dla system\u00f3w AI wykorzystuj\u0105cych Retrieval Augmented Generation (RAG). Dowiedz si\u0119, co si\u0119 za tym kryje \u2013 i dlaczego KOSMO jest specjalnie zaprojektowany, aby spe\u0142ni\u0107 [&hellip;]<\/p>\n","protected":false},"author":1,"featured_media":0,"parent":0,"menu_order":0,"comment_status":"closed","ping_status":"closed","template":"","meta":{"footnotes":""},"class_list":["post-3849","page","type-page","status-publish","hentry"],"yoast_head":"<!-- This site is optimized with the Yoast SEO plugin v26.7 - https:\/\/yoast.com\/wordpress\/plugins\/seo\/ -->\n<title>RAG i ochrona danych dla M\u015aP | Wyja\u015bnienie bezpiecznych zastosowa\u0144 sztucznej inteligencji<\/title>\n<meta name=\"description\" content=\"Dowiedz si\u0119, co oznacza RAG ochrona danych M\u015aP i jakie wymagania opublikowa\u0142a Konferencja Ochrony Danych dla system\u00f3w sztucznej inteligencji.\" \/>\n<meta name=\"robots\" content=\"index, follow, max-snippet:-1, max-image-preview:large, max-video-preview:-1\" \/>\n<link rel=\"canonical\" href=\"https:\/\/splitbot.ai\/pl\/zostan-partnerem-2\/\" \/>\n<meta property=\"og:locale\" content=\"pl_PL\" \/>\n<meta property=\"og:type\" content=\"article\" \/>\n<meta property=\"og:title\" content=\"RAG i ochrona danych dla M\u015aP | Wyja\u015bnienie bezpiecznych zastosowa\u0144 sztucznej inteligencji\" \/>\n<meta property=\"og:description\" content=\"Dowiedz si\u0119, co oznacza RAG ochrona danych M\u015aP i jakie wymagania opublikowa\u0142a Konferencja Ochrony Danych dla system\u00f3w sztucznej inteligencji.\" \/>\n<meta property=\"og:url\" content=\"https:\/\/splitbot.ai\/pl\/zostan-partnerem-2\/\" \/>\n<meta property=\"og:site_name\" content=\"Wprowad\u017a suwerenno\u015b\u0107 cyfrow\u0105 do swojego \u015brodowiska pracy dzi\u0119ki splitbot.ai.\" \/>\n<meta property=\"article:modified_time\" content=\"2026-01-15T12:30:31+00:00\" \/>\n<meta property=\"og:image\" content=\"https:\/\/splitbot.ai\/wp-content\/uploads\/2026\/01\/splitbot-works-for-you.jpg\" \/>\n\t<meta property=\"og:image:width\" content=\"1200\" \/>\n\t<meta property=\"og:image:height\" content=\"675\" \/>\n\t<meta property=\"og:image:type\" content=\"image\/jpeg\" \/>\n<meta name=\"twitter:card\" content=\"summary_large_image\" \/>\n<meta name=\"twitter:label1\" content=\"Szacowany czas czytania\" \/>\n\t<meta name=\"twitter:data1\" content=\"4 minuty\" \/>\n<script type=\"application\/ld+json\" class=\"yoast-schema-graph\">{\"@context\":\"https:\/\/schema.org\",\"@graph\":[{\"@type\":\"WebPage\",\"@id\":\"https:\/\/splitbot.ai\/pl\/zostan-partnerem-2\/\",\"url\":\"https:\/\/splitbot.ai\/pl\/zostan-partnerem-2\/\",\"name\":\"RAG i ochrona danych dla M\u015aP | Wyja\u015bnienie bezpiecznych zastosowa\u0144 sztucznej inteligencji\",\"isPartOf\":{\"@id\":\"https:\/\/splitbot.ai\/pl\/#website\"},\"datePublished\":\"2025-11-11T12:49:37+00:00\",\"dateModified\":\"2026-01-15T12:30:31+00:00\",\"description\":\"Dowiedz si\u0119, co oznacza RAG ochrona danych M\u015aP i jakie wymagania opublikowa\u0142a Konferencja Ochrony Danych dla system\u00f3w sztucznej inteligencji.\",\"breadcrumb\":{\"@id\":\"https:\/\/splitbot.ai\/pl\/zostan-partnerem-2\/#breadcrumb\"},\"inLanguage\":\"pl-PL\",\"potentialAction\":[{\"@type\":\"ReadAction\",\"target\":[\"https:\/\/splitbot.ai\/pl\/zostan-partnerem-2\/\"]}]},{\"@type\":\"BreadcrumbList\",\"@id\":\"https:\/\/splitbot.ai\/pl\/zostan-partnerem-2\/#breadcrumb\",\"itemListElement\":[{\"@type\":\"ListItem\",\"position\":1,\"name\":\"Start\",\"item\":\"https:\/\/splitbot.ai\/pl\/\"},{\"@type\":\"ListItem\",\"position\":2,\"name\":\"RAG i ochrona danych\"}]},{\"@type\":\"WebSite\",\"@id\":\"https:\/\/splitbot.ai\/pl\/#website\",\"url\":\"https:\/\/splitbot.ai\/pl\/\",\"name\":\"Digital Souver\u00e4ne KI f\u00fcr deinen Arbeitsplatz\",\"description\":\"\",\"publisher\":{\"@id\":\"https:\/\/splitbot.ai\/pl\/#organization\"},\"potentialAction\":[{\"@type\":\"SearchAction\",\"target\":{\"@type\":\"EntryPoint\",\"urlTemplate\":\"https:\/\/splitbot.ai\/pl\/?s={search_term_string}\"},\"query-input\":{\"@type\":\"PropertyValueSpecification\",\"valueRequired\":true,\"valueName\":\"search_term_string\"}}],\"inLanguage\":\"pl-PL\"},{\"@type\":\"Organization\",\"@id\":\"https:\/\/splitbot.ai\/pl\/#organization\",\"name\":\"Splitbot\",\"url\":\"https:\/\/splitbot.ai\/pl\/\",\"logo\":{\"@type\":\"ImageObject\",\"inLanguage\":\"pl-PL\",\"@id\":\"https:\/\/splitbot.ai\/pl\/#\/schema\/logo\/image\/\",\"url\":\"https:\/\/splitbot.ai\/wp-content\/uploads\/2025\/02\/Log_Wort_Bild_Lilablau.png\",\"contentUrl\":\"https:\/\/splitbot.ai\/wp-content\/uploads\/2025\/02\/Log_Wort_Bild_Lilablau.png\",\"width\":393,\"height\":46,\"caption\":\"Splitbot\"},\"image\":{\"@id\":\"https:\/\/splitbot.ai\/pl\/#\/schema\/logo\/image\/\"}}]}<\/script>\n<!-- \/ Yoast SEO plugin. -->","yoast_head_json":{"title":"RAG i ochrona danych dla M\u015aP | Wyja\u015bnienie bezpiecznych zastosowa\u0144 sztucznej inteligencji","description":"Dowiedz si\u0119, co oznacza RAG ochrona danych M\u015aP i jakie wymagania opublikowa\u0142a Konferencja Ochrony Danych dla system\u00f3w sztucznej inteligencji.","robots":{"index":"index","follow":"follow","max-snippet":"max-snippet:-1","max-image-preview":"max-image-preview:large","max-video-preview":"max-video-preview:-1"},"canonical":"https:\/\/splitbot.ai\/pl\/zostan-partnerem-2\/","og_locale":"pl_PL","og_type":"article","og_title":"RAG i ochrona danych dla M\u015aP | Wyja\u015bnienie bezpiecznych zastosowa\u0144 sztucznej inteligencji","og_description":"Dowiedz si\u0119, co oznacza RAG ochrona danych M\u015aP i jakie wymagania opublikowa\u0142a Konferencja Ochrony Danych dla system\u00f3w sztucznej inteligencji.","og_url":"https:\/\/splitbot.ai\/pl\/zostan-partnerem-2\/","og_site_name":"Wprowad\u017a suwerenno\u015b\u0107 cyfrow\u0105 do swojego \u015brodowiska pracy dzi\u0119ki splitbot.ai.","article_modified_time":"2026-01-15T12:30:31+00:00","og_image":[{"width":1200,"height":675,"url":"https:\/\/splitbot.ai\/wp-content\/uploads\/2026\/01\/splitbot-works-for-you.jpg","type":"image\/jpeg"}],"twitter_card":"summary_large_image","twitter_misc":{"Szacowany czas czytania":"4 minuty"},"schema":{"@context":"https:\/\/schema.org","@graph":[{"@type":"WebPage","@id":"https:\/\/splitbot.ai\/pl\/zostan-partnerem-2\/","url":"https:\/\/splitbot.ai\/pl\/zostan-partnerem-2\/","name":"RAG i ochrona danych dla M\u015aP | Wyja\u015bnienie bezpiecznych zastosowa\u0144 sztucznej inteligencji","isPartOf":{"@id":"https:\/\/splitbot.ai\/pl\/#website"},"datePublished":"2025-11-11T12:49:37+00:00","dateModified":"2026-01-15T12:30:31+00:00","description":"Dowiedz si\u0119, co oznacza RAG ochrona danych M\u015aP i jakie wymagania opublikowa\u0142a Konferencja Ochrony Danych dla system\u00f3w sztucznej inteligencji.","breadcrumb":{"@id":"https:\/\/splitbot.ai\/pl\/zostan-partnerem-2\/#breadcrumb"},"inLanguage":"pl-PL","potentialAction":[{"@type":"ReadAction","target":["https:\/\/splitbot.ai\/pl\/zostan-partnerem-2\/"]}]},{"@type":"BreadcrumbList","@id":"https:\/\/splitbot.ai\/pl\/zostan-partnerem-2\/#breadcrumb","itemListElement":[{"@type":"ListItem","position":1,"name":"Start","item":"https:\/\/splitbot.ai\/pl\/"},{"@type":"ListItem","position":2,"name":"RAG i ochrona danych"}]},{"@type":"WebSite","@id":"https:\/\/splitbot.ai\/pl\/#website","url":"https:\/\/splitbot.ai\/pl\/","name":"Digital Souver\u00e4ne KI f\u00fcr deinen Arbeitsplatz","description":"","publisher":{"@id":"https:\/\/splitbot.ai\/pl\/#organization"},"potentialAction":[{"@type":"SearchAction","target":{"@type":"EntryPoint","urlTemplate":"https:\/\/splitbot.ai\/pl\/?s={search_term_string}"},"query-input":{"@type":"PropertyValueSpecification","valueRequired":true,"valueName":"search_term_string"}}],"inLanguage":"pl-PL"},{"@type":"Organization","@id":"https:\/\/splitbot.ai\/pl\/#organization","name":"Splitbot","url":"https:\/\/splitbot.ai\/pl\/","logo":{"@type":"ImageObject","inLanguage":"pl-PL","@id":"https:\/\/splitbot.ai\/pl\/#\/schema\/logo\/image\/","url":"https:\/\/splitbot.ai\/wp-content\/uploads\/2025\/02\/Log_Wort_Bild_Lilablau.png","contentUrl":"https:\/\/splitbot.ai\/wp-content\/uploads\/2025\/02\/Log_Wort_Bild_Lilablau.png","width":393,"height":46,"caption":"Splitbot"},"image":{"@id":"https:\/\/splitbot.ai\/pl\/#\/schema\/logo\/image\/"}}]}},"_links":{"self":[{"href":"https:\/\/splitbot.ai\/pl\/wp-json\/wp\/v2\/pages\/3849","targetHints":{"allow":["GET"]}}],"collection":[{"href":"https:\/\/splitbot.ai\/pl\/wp-json\/wp\/v2\/pages"}],"about":[{"href":"https:\/\/splitbot.ai\/pl\/wp-json\/wp\/v2\/types\/page"}],"author":[{"embeddable":true,"href":"https:\/\/splitbot.ai\/pl\/wp-json\/wp\/v2\/users\/1"}],"replies":[{"embeddable":true,"href":"https:\/\/splitbot.ai\/pl\/wp-json\/wp\/v2\/comments?post=3849"}],"version-history":[{"count":5,"href":"https:\/\/splitbot.ai\/pl\/wp-json\/wp\/v2\/pages\/3849\/revisions"}],"predecessor-version":[{"id":4018,"href":"https:\/\/splitbot.ai\/pl\/wp-json\/wp\/v2\/pages\/3849\/revisions\/4018"}],"wp:attachment":[{"href":"https:\/\/splitbot.ai\/pl\/wp-json\/wp\/v2\/media?parent=3849"}],"curies":[{"name":"wp","href":"https:\/\/api.w.org\/{rel}","templated":true}]}}