{"id":2416,"date":"2025-02-14T13:24:02","date_gmt":"2025-02-14T12:24:02","guid":{"rendered":"https:\/\/splitbot.ai\/chatbot-do-wdrazania-nowych-pracownikow\/"},"modified":"2026-01-15T11:34:54","modified_gmt":"2026-01-15T10:34:54","slug":"chatbot-do-wdrazania-nowych-pracownikow","status":"publish","type":"page","link":"https:\/\/splitbot.ai\/pl\/chatbot-do-wdrazania-nowych-pracownikow\/","title":{"rendered":"Chatbot do wdra\u017cania nowych pracownik\u00f3w"},"content":{"rendered":"\n<div class=\"wp-block-group alignfull has-base-background-color has-background has-global-padding is-layout-constrained wp-block-group-is-layout-constrained\" style=\"border-style:none;border-width:0px;border-radius:0px;margin-top:0;margin-bottom:0;padding-top:var(--wp--preset--spacing--30);padding-bottom:var(--wp--preset--spacing--30)\">\n<div class=\"wp-block-columns alignwide is-layout-flex wp-container-core-columns-is-layout-8f58641f wp-block-columns-is-layout-flex\" style=\"margin-top:var(--wp--preset--spacing--40);margin-bottom:var(--wp--preset--spacing--40);padding-right:0;padding-left:0\">\n<div class=\"wp-block-column is-vertically-aligned-center is-layout-flow wp-block-column-is-layout-flow\" style=\"flex-basis:100%\">\n<div class=\"wp-block-group alignfull section-1 has-background is-layout-flow wp-block-group-is-layout-flow\" style=\"border-style:none;border-width:0px;border-radius:55px;background:linear-gradient(135deg,rgba(7,146,227,0.12) 0%,rgba(155,81,224,0.35) 100%);min-height:644px;margin-top:0;margin-bottom:var(--wp--preset--spacing--50);padding-top:var(--wp--preset--spacing--50);padding-bottom:var(--wp--preset--spacing--50)\">\n<div class=\"wp-block-columns alignwide are-vertically-aligned-center is-layout-flex wp-container-core-columns-is-layout-714ffb89 wp-block-columns-is-layout-flex\" style=\"margin-top:var(--wp--preset--spacing--40);margin-bottom:var(--wp--preset--spacing--40);padding-top:var(--wp--preset--spacing--60);padding-right:var(--wp--preset--spacing--60);padding-left:var(--wp--preset--spacing--60)\">\n<div class=\"wp-block-column is-vertically-aligned-center is-layout-flow wp-block-column-is-layout-flow\" style=\"flex-basis:50%\">\n<h1 class=\"wp-block-heading has-xx-large-font-size\">Chatbot oparty na sztucznej inteligencji<br\/>do wdra\u017cania<\/h1>\n\n\n\n<p class=\"is-style-default has-medium-font-size\">Efektywny, bezpieczny i hostowany w Niemczech.<\/p>\n\n\n\n<p class=\"is-style-default has-medium-font-size\"><strong>Skontaktuj si\u0119 z nami teraz<\/strong> i dowiedz si\u0119, jak nasz chatbot mo\u017ce usprawni\u0107 Twoje wewn\u0119trzne procesy!<\/p>\n\n\n\n<div class=\"wp-block-buttons is-layout-flex wp-block-buttons-is-layout-flex\">\n<div class=\"wp-block-button\"><a class=\"wp-block-button__link wp-element-button\" href=\"https:\/\/splitbot.ai\/pl\/kontakt\/\">Skontaktuj si\u0119 teraz!<\/a><\/div>\n<\/div>\n<\/div>\n\n\n\n<div class=\"wp-block-column is-vertically-aligned-center is-layout-flow wp-block-column-is-layout-flow\" style=\"flex-basis:50%\">\n<figure class=\"wp-block-image aligncenter size-full is-resized\"><img loading=\"lazy\" decoding=\"async\" width=\"759\" height=\"585\" src=\"https:\/\/splitbot.ai\/wp-content\/uploads\/2025\/02\/Kosmo.png\" alt=\"\" class=\"wp-image-86\" style=\"width:454px\" srcset=\"https:\/\/splitbot.ai\/wp-content\/uploads\/2025\/02\/Kosmo.png 759w, https:\/\/splitbot.ai\/wp-content\/uploads\/2025\/02\/Kosmo-300x231.png 300w\" sizes=\"auto, (max-width: 759px) 100vw, 759px\" \/><\/figure>\n<\/div>\n<\/div>\n<\/div>\n<\/div>\n<\/div>\n\n\n\n<div class=\"wp-block-columns alignwide is-layout-flex wp-container-core-columns-is-layout-9b89117e wp-block-columns-is-layout-flex\" style=\"margin-top:var(--wp--preset--spacing--30);margin-bottom:var(--wp--preset--spacing--30);padding-top:0;padding-right:0;padding-bottom:0;padding-left:0\">\n<div class=\"wp-block-column is-vertically-aligned-center is-layout-flow wp-block-column-is-layout-flow\" style=\"flex-basis:100%\">\n<h2 class=\"wp-block-heading has-x-large-font-size\">Korzy\u015bci z wewn\u0119trznego chatbota do wdra\u017cania nowych koleg\u00f3w i kole\u017canek:<\/h2>\n\n\n\n<p class=\"is-style-default\"><strong>Wszystkie dane i aplikacje hostujemy we w\u0142asnych centrach danych w Niemczech.<\/strong><\/p>\n\n\n\n<p class=\"is-style-default\"><strong>Bezpieczny dost\u0119p do danych zgodny z RODO<\/strong>: Chatbot dzia\u0142a zgodnie z RODO i przechowuje dane wy\u0142\u0105cznie na serwerach w Niemczech. Dzi\u0119ki temu wszystko, co jest udost\u0119pniane podczas onboardingu, pozostaje bezpieczne i poufne. <\/p>\n\n\n\n<p><strong>Szybka orientacja i pierwszy punkt kontaktowy<\/strong>: Nowi pracownicy maj\u0105 wiele pyta\u0144 \u2013 chatbot jest natychmiast dost\u0119pny i szybko oraz niezawodnie odpowiada na najwa\u017cniejsze pytania dotycz\u0105ce proces\u00f3w, os\u00f3b kontaktowych i szczeg\u00f3\u0142\u00f3w organizacyjnych.<\/p>\n\n\n\n<p><strong>Kompleksowe wsparcie przez ca\u0142\u0105 dob\u0119<\/strong>: Chatbot jest zawsze gotowy i towarzyszy nowym cz\u0142onkom zespo\u0142u w pierwszych krokach \u2013 od organizacji miejsca pracy, przez wskaz\u00f3wki dotycz\u0105ce bezpiecze\u0144stwa, po najwa\u017cniejsze narz\u0119dzia IT. Dzi\u0119ki temu \u017cadne pytania nie pozostaj\u0105 bez odpowiedzi, nawet poza godzinami pracy biura. <\/p>\n\n\n\n<p><strong>Wskaz\u00f3wki dotycz\u0105ce proces\u00f3w wewn\u0119trznych<\/strong>: Nasz chatbot pomaga nowym pracownikom odnale\u017a\u0107 si\u0119 w strukturze organizacji. Udziela cennych wskaz\u00f3wek dotycz\u0105cych proces\u00f3w, wytycznych i najwa\u017cniejszych procedur w codziennej pracy, dzi\u0119ki czemu zesp\u00f3\u0142 mo\u017ce szybko si\u0119 zaaklimatyzowa\u0107. <\/p>\n\n\n\n<p><strong>Indywidualne dopasowanie do potrzeb dzia\u0142\u00f3w<\/strong>: Chatbot mo\u017ce by\u0107 elastycznie dostosowywany do specyficznych wymaga\u0144 poszczeg\u00f3lnych dzia\u0142\u00f3w lub stanowisk, dzi\u0119ki czemu ka\u017cda osoba otrzymuje dok\u0142adnie te informacje, kt\u00f3re s\u0105 dla niej istotne.<\/p>\n\n\n\n<p><strong>Efektywne wdra\u017canie w wewn\u0119trzne narz\u0119dzia i systemy<\/strong>: Niezale\u017cnie od tego, czy chodzi o narz\u0119dzia e-mail, system zarz\u0105dzania dokumentami czy intranet \u2013 chatbot zapewnia szkolenia i instrukcje dotycz\u0105ce wszystkich wa\u017cnych aplikacji potrzebnych w codziennej pracy.<\/p>\n\n\n\n<p><strong>Centralne miejsce do przechowywania zasob\u00f3w onboardingowych<\/strong>: Chatbot mo\u017ce s\u0142u\u017cy\u0107 jako baza wiedzy dla wszystkich istotnych materia\u0142\u00f3w onboardingowych. Wytyczne, szablony dokument\u00f3w i materia\u0142y szkoleniowe s\u0105 dost\u0119pne w ka\u017cdej chwili i zawsze aktualne. <\/p>\n\n\n\n<p><strong>Wsparcie poprzez konfigurowalne listy kontrolne<\/strong>: Chatbot oferuje indywidualne listy kontrolne onboardingu, kt\u00f3re prowadz\u0105 przez ca\u0142y proces wdra\u017cania i zapewniaj\u0105, \u017ce nie zostan\u0105 pomini\u0119te \u017cadne wa\u017cne kroki \u2013 od konfiguracji miejsca pracy po pierwsze planowanie projektu.<\/p>\n\n\n\n<p><strong>Promowanie samodzielno\u015bci<\/strong>: Dzi\u0119ki bezpo\u015bredniej dost\u0119pno\u015bci odpowiedzi i zasob\u00f3w chatbot promuje samodzielne i proaktywne wdra\u017canie. Nowi pracownicy czuj\u0105 si\u0119 mniej zale\u017cni od koleg\u00f3w i kole\u017canek i mog\u0105 samodzielnie kszta\u0142towa\u0107 sw\u00f3j start. <\/p>\n\n\n\n<p><strong>Szybkie w\u0142\u0105czenie do kultury firmy<\/strong>: Chatbot zapewnia wgl\u0105d w kultur\u0119 i warto\u015bci organizacji oraz udost\u0119pnia informacje o wewn\u0119trznych wydarzeniach, ofertach i istotnych zespo\u0142ach. Dzi\u0119ki temu nowi cz\u0142onkowie zespo\u0142u szybciej czuj\u0105 si\u0119 cz\u0119\u015bci\u0105 ca\u0142o\u015bci. <\/p>\n\n\n\n<div class=\"wp-block-group alignfull has-background is-layout-flow wp-block-group-is-layout-flow\" style=\"border-style:none;border-width:0px;border-radius:55px;background:linear-gradient(135deg,rgba(7,146,227,0.12) 0%,rgba(155,81,224,0.35) 100%);margin-top:var(--wp--preset--spacing--60);margin-bottom:var(--wp--preset--spacing--20);padding-top:var(--wp--preset--spacing--50);padding-bottom:var(--wp--preset--spacing--50)\">\n<div class=\"wp-block-columns alignwide is-layout-flex wp-container-core-columns-is-layout-be4958c3 wp-block-columns-is-layout-flex\" style=\"margin-top:0;margin-bottom:0;padding-top:0;padding-right:var(--wp--preset--spacing--60);padding-left:var(--wp--preset--spacing--60)\">\n<div class=\"wp-block-column is-vertically-aligned-top is-layout-flow wp-block-column-is-layout-flow\" style=\"flex-basis:100%\">\n<h3 class=\"wp-block-heading has-xx-large-font-size\">Dlaczego Kosmo jako chatbot?<\/h3>\n\n\n\n<p class=\"is-style-default\"><strong>Wewn\u0119trzny chatbot zgodny z RODO<\/strong> to idealny towarzysz dla nowych pracownik\u00f3w i zapewnia, \u017ce proces onboardingu przebiega sprawnie, bezpiecznie i efektywnie \u2013 kompleksowo przemy\u015blane rozwi\u0105zanie dla szybkiej i pe\u0142nej integracji z zespo\u0142em.<\/p>\n\n\n\n<p><strong>Skontaktuj si\u0119 z nami i dowiedz si\u0119 wi\u0119cej<\/strong> \u2013 Tw\u00f3j chatbot onboardingowy dla udanego startu nowych pracownik\u00f3w!<\/p>\n\n\n\n<p class=\"is-style-default\"><strong>Wszystkie dane i aplikacje hostujemy we w\u0142asnych centrach danych w Niemczech.<\/strong><\/p>\n<\/div>\n<\/div>\n<\/div>\n<\/div>\n<\/div>\n<\/div>\n","protected":false},"excerpt":{"rendered":"<p>Chatbot oparty na sztucznej inteligencjido wdra\u017cania Efektywny, bezpieczny i hostowany w Niemczech. Skontaktuj si\u0119 z nami teraz i dowiedz si\u0119, jak nasz chatbot mo\u017ce usprawni\u0107 Twoje wewn\u0119trzne procesy! Korzy\u015bci z wewn\u0119trznego chatbota do wdra\u017cania nowych koleg\u00f3w i kole\u017canek: Wszystkie dane i aplikacje hostujemy we w\u0142asnych centrach danych w Niemczech. Bezpieczny dost\u0119p do danych zgodny z [&hellip;]<\/p>\n","protected":false},"author":1,"featured_media":0,"parent":0,"menu_order":0,"comment_status":"closed","ping_status":"closed","template":"","meta":{"footnotes":""},"class_list":["post-2416","page","type-page","status-publish","hentry"],"yoast_head":"<!-- This site is optimized with the Yoast SEO plugin v26.7 - https:\/\/yoast.com\/wordpress\/plugins\/seo\/ -->\n<title>Chatbot do wdra\u017cania nowych pracownik\u00f3w | AI od Splitbot<\/title>\n<meta name=\"description\" content=\"Splitbot Chatbot do wdra\u017cania nowych pracownik\u00f3w: Automatyzuj proces wdra\u017cania, przekazuj wiedz\u0119 i odci\u0105\u017caj dzia\u0142 HR dzi\u0119ki AI zgodnej z RODO.\" \/>\n<meta name=\"robots\" content=\"index, follow, max-snippet:-1, max-image-preview:large, max-video-preview:-1\" \/>\n<link rel=\"canonical\" href=\"https:\/\/splitbot.ai\/pl\/chatbot-do-wdrazania-nowych-pracownikow\/\" \/>\n<meta property=\"og:locale\" content=\"pl_PL\" \/>\n<meta property=\"og:type\" content=\"article\" \/>\n<meta property=\"og:title\" content=\"Chatbot do wdra\u017cania nowych pracownik\u00f3w | AI od Splitbot\" \/>\n<meta property=\"og:description\" content=\"Splitbot Chatbot do wdra\u017cania nowych pracownik\u00f3w: Automatyzuj proces wdra\u017cania, przekazuj wiedz\u0119 i odci\u0105\u017caj dzia\u0142 HR dzi\u0119ki AI zgodnej z RODO.\" \/>\n<meta property=\"og:url\" content=\"https:\/\/splitbot.ai\/pl\/chatbot-do-wdrazania-nowych-pracownikow\/\" \/>\n<meta property=\"og:site_name\" content=\"Wprowad\u017a suwerenno\u015b\u0107 cyfrow\u0105 do swojego \u015brodowiska pracy dzi\u0119ki splitbot.ai.\" \/>\n<meta property=\"article:modified_time\" content=\"2026-01-15T10:34:54+00:00\" \/>\n<meta property=\"og:image\" content=\"https:\/\/splitbot.ai\/wp-content\/uploads\/2025\/02\/Kosmo.png\" \/>\n\t<meta property=\"og:image:width\" content=\"759\" \/>\n\t<meta property=\"og:image:height\" content=\"585\" \/>\n\t<meta property=\"og:image:type\" content=\"image\/png\" \/>\n<meta name=\"twitter:card\" content=\"summary_large_image\" \/>\n<meta name=\"twitter:label1\" content=\"Szacowany czas czytania\" \/>\n\t<meta name=\"twitter:data1\" content=\"3 minuty\" \/>\n<script type=\"application\/ld+json\" class=\"yoast-schema-graph\">{\"@context\":\"https:\/\/schema.org\",\"@graph\":[{\"@type\":\"WebPage\",\"@id\":\"https:\/\/splitbot.ai\/pl\/chatbot-do-wdrazania-nowych-pracownikow\/\",\"url\":\"https:\/\/splitbot.ai\/pl\/chatbot-do-wdrazania-nowych-pracownikow\/\",\"name\":\"Chatbot do wdra\u017cania nowych pracownik\u00f3w | AI od Splitbot\",\"isPartOf\":{\"@id\":\"https:\/\/splitbot.ai\/pl\/#website\"},\"primaryImageOfPage\":{\"@id\":\"https:\/\/splitbot.ai\/pl\/chatbot-do-wdrazania-nowych-pracownikow\/#primaryimage\"},\"image\":{\"@id\":\"https:\/\/splitbot.ai\/pl\/chatbot-do-wdrazania-nowych-pracownikow\/#primaryimage\"},\"thumbnailUrl\":\"https:\/\/splitbot.ai\/wp-content\/uploads\/2025\/02\/Kosmo.png\",\"datePublished\":\"2025-02-14T12:24:02+00:00\",\"dateModified\":\"2026-01-15T10:34:54+00:00\",\"description\":\"Splitbot Chatbot do wdra\u017cania nowych pracownik\u00f3w: Automatyzuj proces wdra\u017cania, przekazuj wiedz\u0119 i odci\u0105\u017caj dzia\u0142 HR dzi\u0119ki AI zgodnej z RODO.\",\"breadcrumb\":{\"@id\":\"https:\/\/splitbot.ai\/pl\/chatbot-do-wdrazania-nowych-pracownikow\/#breadcrumb\"},\"inLanguage\":\"pl-PL\",\"potentialAction\":[{\"@type\":\"ReadAction\",\"target\":[\"https:\/\/splitbot.ai\/pl\/chatbot-do-wdrazania-nowych-pracownikow\/\"]}]},{\"@type\":\"ImageObject\",\"inLanguage\":\"pl-PL\",\"@id\":\"https:\/\/splitbot.ai\/pl\/chatbot-do-wdrazania-nowych-pracownikow\/#primaryimage\",\"url\":\"https:\/\/splitbot.ai\/wp-content\/uploads\/2025\/02\/Kosmo.png\",\"contentUrl\":\"https:\/\/splitbot.ai\/wp-content\/uploads\/2025\/02\/Kosmo.png\"},{\"@type\":\"BreadcrumbList\",\"@id\":\"https:\/\/splitbot.ai\/pl\/chatbot-do-wdrazania-nowych-pracownikow\/#breadcrumb\",\"itemListElement\":[{\"@type\":\"ListItem\",\"position\":1,\"name\":\"Start\",\"item\":\"https:\/\/splitbot.ai\/pl\/\"},{\"@type\":\"ListItem\",\"position\":2,\"name\":\"Chatbot do wdra\u017cania nowych pracownik\u00f3w\"}]},{\"@type\":\"WebSite\",\"@id\":\"https:\/\/splitbot.ai\/pl\/#website\",\"url\":\"https:\/\/splitbot.ai\/pl\/\",\"name\":\"Digital Souver\u00e4ne KI f\u00fcr deinen Arbeitsplatz\",\"description\":\"\",\"publisher\":{\"@id\":\"https:\/\/splitbot.ai\/pl\/#organization\"},\"potentialAction\":[{\"@type\":\"SearchAction\",\"target\":{\"@type\":\"EntryPoint\",\"urlTemplate\":\"https:\/\/splitbot.ai\/pl\/?s={search_term_string}\"},\"query-input\":{\"@type\":\"PropertyValueSpecification\",\"valueRequired\":true,\"valueName\":\"search_term_string\"}}],\"inLanguage\":\"pl-PL\"},{\"@type\":\"Organization\",\"@id\":\"https:\/\/splitbot.ai\/pl\/#organization\",\"name\":\"Splitbot\",\"url\":\"https:\/\/splitbot.ai\/pl\/\",\"logo\":{\"@type\":\"ImageObject\",\"inLanguage\":\"pl-PL\",\"@id\":\"https:\/\/splitbot.ai\/pl\/#\/schema\/logo\/image\/\",\"url\":\"https:\/\/splitbot.ai\/wp-content\/uploads\/2025\/02\/Log_Wort_Bild_Lilablau.png\",\"contentUrl\":\"https:\/\/splitbot.ai\/wp-content\/uploads\/2025\/02\/Log_Wort_Bild_Lilablau.png\",\"width\":393,\"height\":46,\"caption\":\"Splitbot\"},\"image\":{\"@id\":\"https:\/\/splitbot.ai\/pl\/#\/schema\/logo\/image\/\"}}]}<\/script>\n<!-- \/ Yoast SEO plugin. -->","yoast_head_json":{"title":"Chatbot do wdra\u017cania nowych pracownik\u00f3w | AI od Splitbot","description":"Splitbot Chatbot do wdra\u017cania nowych pracownik\u00f3w: Automatyzuj proces wdra\u017cania, przekazuj wiedz\u0119 i odci\u0105\u017caj dzia\u0142 HR dzi\u0119ki AI zgodnej z RODO.","robots":{"index":"index","follow":"follow","max-snippet":"max-snippet:-1","max-image-preview":"max-image-preview:large","max-video-preview":"max-video-preview:-1"},"canonical":"https:\/\/splitbot.ai\/pl\/chatbot-do-wdrazania-nowych-pracownikow\/","og_locale":"pl_PL","og_type":"article","og_title":"Chatbot do wdra\u017cania nowych pracownik\u00f3w | AI od Splitbot","og_description":"Splitbot Chatbot do wdra\u017cania nowych pracownik\u00f3w: Automatyzuj proces wdra\u017cania, przekazuj wiedz\u0119 i odci\u0105\u017caj dzia\u0142 HR dzi\u0119ki AI zgodnej z RODO.","og_url":"https:\/\/splitbot.ai\/pl\/chatbot-do-wdrazania-nowych-pracownikow\/","og_site_name":"Wprowad\u017a suwerenno\u015b\u0107 cyfrow\u0105 do swojego \u015brodowiska pracy dzi\u0119ki splitbot.ai.","article_modified_time":"2026-01-15T10:34:54+00:00","og_image":[{"width":759,"height":585,"url":"https:\/\/splitbot.ai\/wp-content\/uploads\/2025\/02\/Kosmo.png","type":"image\/png"}],"twitter_card":"summary_large_image","twitter_misc":{"Szacowany czas czytania":"3 minuty"},"schema":{"@context":"https:\/\/schema.org","@graph":[{"@type":"WebPage","@id":"https:\/\/splitbot.ai\/pl\/chatbot-do-wdrazania-nowych-pracownikow\/","url":"https:\/\/splitbot.ai\/pl\/chatbot-do-wdrazania-nowych-pracownikow\/","name":"Chatbot do wdra\u017cania nowych pracownik\u00f3w | AI od Splitbot","isPartOf":{"@id":"https:\/\/splitbot.ai\/pl\/#website"},"primaryImageOfPage":{"@id":"https:\/\/splitbot.ai\/pl\/chatbot-do-wdrazania-nowych-pracownikow\/#primaryimage"},"image":{"@id":"https:\/\/splitbot.ai\/pl\/chatbot-do-wdrazania-nowych-pracownikow\/#primaryimage"},"thumbnailUrl":"https:\/\/splitbot.ai\/wp-content\/uploads\/2025\/02\/Kosmo.png","datePublished":"2025-02-14T12:24:02+00:00","dateModified":"2026-01-15T10:34:54+00:00","description":"Splitbot Chatbot do wdra\u017cania nowych pracownik\u00f3w: Automatyzuj proces wdra\u017cania, przekazuj wiedz\u0119 i odci\u0105\u017caj dzia\u0142 HR dzi\u0119ki AI zgodnej z RODO.","breadcrumb":{"@id":"https:\/\/splitbot.ai\/pl\/chatbot-do-wdrazania-nowych-pracownikow\/#breadcrumb"},"inLanguage":"pl-PL","potentialAction":[{"@type":"ReadAction","target":["https:\/\/splitbot.ai\/pl\/chatbot-do-wdrazania-nowych-pracownikow\/"]}]},{"@type":"ImageObject","inLanguage":"pl-PL","@id":"https:\/\/splitbot.ai\/pl\/chatbot-do-wdrazania-nowych-pracownikow\/#primaryimage","url":"https:\/\/splitbot.ai\/wp-content\/uploads\/2025\/02\/Kosmo.png","contentUrl":"https:\/\/splitbot.ai\/wp-content\/uploads\/2025\/02\/Kosmo.png"},{"@type":"BreadcrumbList","@id":"https:\/\/splitbot.ai\/pl\/chatbot-do-wdrazania-nowych-pracownikow\/#breadcrumb","itemListElement":[{"@type":"ListItem","position":1,"name":"Start","item":"https:\/\/splitbot.ai\/pl\/"},{"@type":"ListItem","position":2,"name":"Chatbot do wdra\u017cania nowych pracownik\u00f3w"}]},{"@type":"WebSite","@id":"https:\/\/splitbot.ai\/pl\/#website","url":"https:\/\/splitbot.ai\/pl\/","name":"Digital Souver\u00e4ne KI f\u00fcr deinen Arbeitsplatz","description":"","publisher":{"@id":"https:\/\/splitbot.ai\/pl\/#organization"},"potentialAction":[{"@type":"SearchAction","target":{"@type":"EntryPoint","urlTemplate":"https:\/\/splitbot.ai\/pl\/?s={search_term_string}"},"query-input":{"@type":"PropertyValueSpecification","valueRequired":true,"valueName":"search_term_string"}}],"inLanguage":"pl-PL"},{"@type":"Organization","@id":"https:\/\/splitbot.ai\/pl\/#organization","name":"Splitbot","url":"https:\/\/splitbot.ai\/pl\/","logo":{"@type":"ImageObject","inLanguage":"pl-PL","@id":"https:\/\/splitbot.ai\/pl\/#\/schema\/logo\/image\/","url":"https:\/\/splitbot.ai\/wp-content\/uploads\/2025\/02\/Log_Wort_Bild_Lilablau.png","contentUrl":"https:\/\/splitbot.ai\/wp-content\/uploads\/2025\/02\/Log_Wort_Bild_Lilablau.png","width":393,"height":46,"caption":"Splitbot"},"image":{"@id":"https:\/\/splitbot.ai\/pl\/#\/schema\/logo\/image\/"}}]}},"_links":{"self":[{"href":"https:\/\/splitbot.ai\/pl\/wp-json\/wp\/v2\/pages\/2416","targetHints":{"allow":["GET"]}}],"collection":[{"href":"https:\/\/splitbot.ai\/pl\/wp-json\/wp\/v2\/pages"}],"about":[{"href":"https:\/\/splitbot.ai\/pl\/wp-json\/wp\/v2\/types\/page"}],"author":[{"embeddable":true,"href":"https:\/\/splitbot.ai\/pl\/wp-json\/wp\/v2\/users\/1"}],"replies":[{"embeddable":true,"href":"https:\/\/splitbot.ai\/pl\/wp-json\/wp\/v2\/comments?post=2416"}],"version-history":[{"count":3,"href":"https:\/\/splitbot.ai\/pl\/wp-json\/wp\/v2\/pages\/2416\/revisions"}],"predecessor-version":[{"id":4406,"href":"https:\/\/splitbot.ai\/pl\/wp-json\/wp\/v2\/pages\/2416\/revisions\/4406"}],"wp:attachment":[{"href":"https:\/\/splitbot.ai\/pl\/wp-json\/wp\/v2\/media?parent=2416"}],"curies":[{"name":"wp","href":"https:\/\/api.w.org\/{rel}","templated":true}]}}