{"id":4472,"date":"2026-01-15T12:16:15","date_gmt":"2026-01-15T11:16:15","guid":{"rendered":"https:\/\/splitbot.ai\/?page_id=4472"},"modified":"2026-01-15T13:25:05","modified_gmt":"2026-01-15T12:25:05","slug":"presse-3","status":"publish","type":"page","link":"https:\/\/splitbot.ai\/fr\/presse-3\/","title":{"rendered":"Presse"},"content":{"rendered":"\n<div class=\"wp-block-group alignfull has-base-background-color has-background has-global-padding is-layout-constrained wp-block-group-is-layout-constrained\" style=\"border-style:none;border-width:0px;border-radius:0px;margin-top:0;margin-bottom:0;padding-top:var(--wp--preset--spacing--30);padding-bottom:var(--wp--preset--spacing--30)\">\n<div class=\"wp-block-query alignwide is-layout-flow wp-block-query-is-layout-flow\"\/>\n\n\n\n\n\n\n  <meta charset=\"UTF-8\"\/>\n  <meta name=\"viewport\" content=\"width=device-width, initial-scale=1\"\/>\n  <title>Presse | Splitbot<\/title>\n  <meta name=\"description\" content=\"Espace presse de Splitbot : articles, mentions, r\u00e9seaux et programmes de financement. Contact presse, bref profil et actifs.\"\/>\n  <script src=\"https:\/\/cdn.tailwindcss.com\"><\/script>\n  <style>\n    \/* Optional: falls du die Kachelh\u00f6he noch einheitlicher brauchst *\/\n    .press-tile { min-height: 200px; }\n  <\/style>\n\n\n\n\n  <!-- HERO -->\n  <section class=\"max-w-7xl mx-auto px-6 mt-10\">\n    <div class=\"rounded-[55px] p-8 md:p-14\" style=\"background:linear-gradient(135deg,rgba(7,146,227,0.12) 0%,rgba(155,81,224,0.35) 100%);\">\n      <div class=\"max-w-3xl\">\n        <h1 class=\"text-2xl sm:text-3xl md:text-5xl font-extrabold leading-snug sm:leading-tight mb-5 break-words\">\n  Presse\n        <\/h1>\n        <p class=\"text-base sm:text-lg md:text-xl text-gray-800 mb-6\">\n  Vous trouverez ici des articles, des mentions et des r\u00e9seaux de partenaires concernant Splitbot et notre assistant num\u00e9rique KOSMO.\n Nous d\u00e9veloppons des solutions d&rsquo;IA souveraines en mati\u00e8re de donn\u00e9es \u2013 au choix sur site ou dans des centres de donn\u00e9es certifi\u00e9s en Allemagne \u2013\n en mettant l&rsquo;accent sur la protection des donn\u00e9es, la transparence et le contr\u00f4le.\n        <\/p>\n\n        <div class=\"flex flex-col sm:flex-row gap-4 items-center sm:items-start\">\n           <a href=\"https:\/\/splitbot.ai\/fr\/contact\/\" class=\"w-full sm:w-auto text-center bg-[#8A8AB2] text-white px-6 py-3 rounded-xl font-semibold shadow hover:bg-[#77779c] transition\">\n Contact presse\n          <\/a>\n          <a href=\"#artikel\" class=\"w-full sm:w-auto text-center px-6 py-3 rounded-xl font-semibold border border-[#8A8AB2] text-[#8A8AB2] hover:bg-[#8A8AB2] hover:text-white transition\">\n Voir l\u2019article\n          <\/a> \n        <\/div>\n\n        <div class=\"mt-8 grid grid-cols-1 sm:grid-cols-3 gap-4 text-sm\">\n          <div class=\"bg-white\/70 rounded-2xl p-4 shadow-sm\">\n            <p class=\"font-semibold\">Bref profil<\/p>\n            <p class=\"text-gray-700 mt-1\">Splitbot d\u00e9veloppe KOSMO \u2013 un assistant IA pour les processus internes (par exemple, e-mail, onboarding, gestion des connaissances).<\/p>\n          <\/div>\n          <div class=\"bg-white\/70 rounded-2xl p-4 shadow-sm\">\n            <p class=\"font-semibold\">Souverainet\u00e9 des donn\u00e9es<\/p>\n            <p class=\"text-gray-700 mt-1\">Aucune transmission de donn\u00e9es sensibles \u00e0 des tiers. Exploitation sur site ou dans des centres de donn\u00e9es allemands. <\/p>\n          <\/div>\n          <div class=\"bg-white\/70 rounded-2xl p-4 shadow-sm\">\n            <p class=\"font-semibold\">Groupes cibles<\/p>\n            <p class=\"text-gray-700 mt-1\">PME, entreprises et municipalit\u00e9s ayant des exigences \u00e9lev\u00e9es en mati\u00e8re de protection des donn\u00e9es.<\/p>\n          <\/div>\n        <\/div>\n      <\/div>\n    <\/div>\n  <\/section>\n\n  <!-- MEHR TEXT \/ EINORDNUNG -->\n  <section class=\"max-w-7xl mx-auto px-6 py-14\">\n    <div class=\"grid grid-cols-1 lg:grid-cols-3 gap-10 items-start\">\n      <div class=\"lg:col-span-2\">\n        <h2 class=\"text-2xl md:text-3xl font-bold mb-4\">Nos valeurs<\/h2>\n        <p class=\"text-lg text-gray-700 mb-4\">\n  Splitbot mise sur une IA qui aide r\u00e9ellement au quotidien \u2013 sans que les organisations ne perdent le contr\u00f4le de leurs donn\u00e9es.\n KOSMO aide les \u00e9quipes dans les t\u00e2ches r\u00e9p\u00e9titives, la recherche d&rsquo;informations et la communication \u2013 en particulier\n dans les environnements sensibles aux donn\u00e9es tels que l&rsquo;administration, l&rsquo;\u00e9ducation, la sant\u00e9 ou les structures de back-office classiques.\n        <\/p>\n        <p class=\"text-lg text-gray-700 mb-4\">\n  Notre architecture est con\u00e7ue pour que les r\u00e9ponses restent compr\u00e9hensibles : avec des indications de sources,\n des droits d&rsquo;acc\u00e8s bas\u00e9s sur les r\u00f4les et la possibilit\u00e9 de contr\u00f4ler ou de d\u00e9sactiver consciemment la recherche externe (recherche web).\n        <\/p>\n        <p class=\"text-lg text-gray-700\">\n Demandes de renseignements des m\u00e9dias, interviews, d\u00e9clarations et entretiens de fond : nous sommes heureux de prendre contact.\n        <\/p>\n      <\/div>\n\n      <aside class=\"bg-gray-50 rounded-3xl p-6 shadow\">\n        <h3 class=\"text-xl font-bold mb-3\">Contact presse<\/h3>\n        <p class=\"text-sm text-gray-700\">\n          <span class=\"font-semibold\">Splitbot<\/span><br\/> Seelandstr. 1, Geb. 6<br\/> 23569 L\u00fcbeck\n        <\/p>\n        <p class=\"text-sm text-gray-700 mt-3\">\n          <span class=\"font-semibold\">E-mail :<\/span> hello@splitbot.ai<br\/> <span class=\"font-semibold\">T\u00e9l\u00e9phone :<\/span> 0451 599 830 90\n        <\/p>\n\n        <div class=\"mt-5\">\n          <a href=\"https:\/\/splitbot.ai\/fr\/contact\/\" class=\"inline-flex items-center justify-center w-full bg-[#8A8AB2] text-white px-5 py-3 rounded-xl font-semibold shadow hover:bg-[#77779c] transition\">\n  Demander du mat\u00e9riel de presse\n          <\/a>\n        <\/div>\n\n        <p class=\"text-xs text-gray-500 mt-4\">\n  Sur demande : logos, images de produits, captures d&rsquo;\u00e9cran, bref profil, citations, informations g\u00e9n\u00e9rales.\n        <\/p>\n      <\/aside>\n    <\/div>\n  <\/section>\n\n <!-- LOGO \/ ARTIKEL GRID (gr\u00f6\u00dfere Logos + Titel unterhalb) -->\n<section id=\"artikel\" class=\"max-w-7xl mx-auto px-6 pb-20\">\n  <div class=\"mb-10\">\n    <h2 class=\"text-2xl md:text-3xl font-bold\">La presse parle de nous : aper\u00e7u des articles<\/h2>\n    <p class=\"text-gray-700 mt-2 text-lg max-w-4xl\">\n Articles, mentions et r\u00e9seaux de partenaires autour de Splitbot et KOSMO.\n    <\/p>\n  <\/div>\n\n  <div class=\"grid grid-cols-1 sm:grid-cols-2 lg:grid-cols-3 xl:grid-cols-4 gap-6\">\n\n    <!-- Kachel-Template:\n         - feste H\u00f6he: min-h + flex\n         - Logo-Zone: h-28 (gr\u00f6\u00dfer), object-contain\n         - Titel unten: text-center\n    -->\n\n    <!-- Digitalisierungspreis -->\n    <a href=\"https:\/\/www.schleswig-holstein.de\/DE\/landesregierung\/themen\/digitalisierung\/digitalisierung-zukunftsthema\/Digitalisierungspreis\" target=\"_blank\" rel=\"noopener noreferrer\" class=\"group rounded-3xl bg-[#e4eaff] p-6 shadow-sm hover:shadow-md transition flex flex-col justify-between min-h-[240px]\">\n      <div class=\"flex items-center justify-center h-28\">\n        <img decoding=\"async\" src=\"https:\/\/splitbot.ai\/wp-content\/uploads\/2025\/11\/logo_digitalisierungspreis.webp\" alt=\"Prix de la num\u00e9risation Schleswig-Holstein\" class=\"max-h-24 w-auto max-w-[92%] object-contain\"\/>\n      <\/div>\n      <div class=\"pt-4 text-center\">\n        <p class=\"text-sm font-semibold text-gray-800\">Prix de la num\u00e9risation Schleswig-Holstein<\/p>\n        <p class=\"text-xs text-gray-600 mt-1\">Gagnant 2025<\/p>\n      <\/div>\n    <\/a>\n\n<a href=\"https:\/\/kuenstliche-intelligenz.sh\/de\/forschungszulage-splitbot\" target=\"_blank\" rel=\"noopener noreferrer\" class=\"group rounded-3xl bg-[#e4eaff] p-6 shadow-sm hover:shadow-md transition flex flex-col justify-between min-h-[240px]\">\n\n  <div class=\"flex items-center justify-center h-28\">\n    <img decoding=\"async\" src=\"https:\/\/splitbot.ai\/wp-content\/uploads\/2025\/07\/forschungszulage-splitbot.png\" alt=\"Cr\u00e9dit d'imp\u00f4t recherche Splitbot\" class=\"max-h-24 w-auto max-w-[92%] object-contain\"\/>\n  <\/div>\n\n  <div class=\"pt-4 text-center\">\n    <p class=\"text-sm font-semibold text-gray-800\">Forschungszulage<\/p>\n    <p class=\"text-xs text-gray-600 mt-1\">KI-Transfer-Hub Schleswig-Holstein<\/p>\n  <\/div>\n<\/a>\n\n\n    <!-- IHK Webinar Mediathek -->\n    <a href=\"https:\/\/www.ihk.de\/schleswig-holstein\/produktmarken\/ihre-ihk\/medien\/webinar-mediathek\/digitalisierung\/webinar-open-source-ki-6428414\" target=\"_blank\" rel=\"noopener noreferrer\" class=\"group rounded-3xl bg-[#e4eaff] p-6 shadow-sm hover:shadow-md transition flex flex-col justify-between min-h-[240px]\">\n      <div class=\"flex items-center justify-center h-28\">\n        <img decoding=\"async\" src=\"https:\/\/splitbot.ai\/wp-content\/uploads\/2025\/02\/csm_IHK-Logo_SH_CMYK_v1_275f6f8307.png\" alt=\"IHK Schleswig-Holstein\" class=\"max-h-24 w-auto max-w-[92%] object-contain\"\/>\n      <\/div>\n      <div class=\"pt-4 text-center\">\n        <p class=\"text-sm font-semibold text-gray-800\">M\u00e9diath\u00e8que des webinaires de la CCI<\/p>\n        <p class=\"text-xs text-gray-600 mt-1\">IA Open Source \/ Pr\u00e9sentation<\/p>\n      <\/div>\n    <\/a>\n\n    <!-- DiWiSH -->\n    <a href=\"https:\/\/www.diwish.de\/newsarchiv\/jahresbericht-2024-ein-rueckblick-und-ausblick-fuer-den-echten-norden.html\" target=\"_blank\" rel=\"noopener noreferrer\" class=\"group rounded-3xl bg-[#e4eaff] p-6 shadow-sm hover:shadow-md transition flex flex-col justify-between min-h-[240px]\">\n      <div class=\"flex items-center justify-center h-28\">\n        <img decoding=\"async\" src=\"https:\/\/splitbot.ai\/wp-content\/uploads\/2025\/02\/diwish-logo.png\" alt=\"DiWiSH\" class=\"max-h-24 w-auto max-w-[92%] object-contain\"\/>\n      <\/div>\n      <div class=\"pt-4 text-center\">\n        <p class=\"text-sm font-semibold text-gray-800\">Rapport annuel DiWiSH<\/p>\n        <p class=\"text-xs text-gray-600 mt-1\">R\u00e9seau \/ Mention<\/p>\n      <\/div>\n    <\/a>\n\n    <!-- L\u00fcbecker Nachrichten -->\n    <a href=\"https:\/\/www.ln-online.de\/der-norden\/luebeck-splitbot-begegnet-mit-kuenstlicher-intelligenz-dem-fachkraeftemangel-3TOB2CTGQBEWDD5TYXM6MFCBBM.html\" target=\"_blank\" rel=\"noopener noreferrer\" class=\"group rounded-3xl bg-[#e4eaff] p-6 shadow-sm hover:shadow-md transition flex flex-col justify-between min-h-[240px]\">\n      <div class=\"flex items-center justify-center h-28\">\n        <img decoding=\"async\" src=\"https:\/\/splitbot.ai\/wp-content\/uploads\/2025\/02\/Luebecker_Nachrichten_Logo.svg_.png\" alt=\"L\u00fcbecker Nachrichten\" class=\"max-h-24 w-auto max-w-[92%] object-contain\"\/>\n      <\/div>\n      <div class=\"pt-4 text-center\">\n        <p class=\"text-sm font-semibold text-gray-800\">L\u00fcbecker Nachrichten<\/p>\n        <p class=\"text-xs text-gray-600 mt-1\">Article : L&rsquo;IA contre la p\u00e9nurie de main-d&rsquo;\u0153uvre qualifi\u00e9e<\/p>\n      <\/div>\n    <\/a>\n\n    <!-- Wirtschaftsf\u00f6rderung L\u00fcbeck -->\n    <a href=\"https:\/\/luebeck.org\/splitbot\" target=\"_blank\" rel=\"noopener noreferrer\" class=\"group rounded-3xl bg-[#e4eaff] p-6 shadow-sm hover:shadow-md transition flex flex-col justify-between min-h-[240px]\">\n      <div class=\"flex items-center justify-center h-28\">\n        <img decoding=\"async\" src=\"https:\/\/splitbot.ai\/wp-content\/uploads\/2025\/02\/wirtschaftsfoerderung-luebeck.png\" alt=\"Promotion \u00e9conomique de L\u00fcbeck\" class=\"max-h-24 w-auto max-w-[92%] object-contain\"\/>\n      <\/div>\n      <div class=\"pt-4 text-center\">\n        <p class=\"text-sm font-semibold text-gray-800\">Promotion \u00e9conomique de L\u00fcbeck<\/p>\n        <p class=\"text-xs text-gray-600 mt-1\">Profil d&rsquo;entreprise \/ Contribution<\/p>\n      <\/div>\n    <\/a>\n\n    <!-- appliedAI -->\n    <a href=\"https:\/\/www.appliedai-institute.de\/ai-startups-deutschland\" target=\"_blank\" rel=\"noopener noreferrer\" class=\"group rounded-3xl bg-[#e4eaff] p-6 shadow-sm hover:shadow-md transition flex flex-col justify-between min-h-[240px]\">\n      <div class=\"flex items-center justify-center h-28\">\n        <img decoding=\"async\" src=\"https:\/\/splitbot.ai\/wp-content\/uploads\/2025\/02\/Vektor-Smartobjekt-ai.png\" alt=\"appliedAI Institute\" class=\"max-h-24 w-auto max-w-[92%] object-contain\"\/>\n      <\/div>\n      <div class=\"pt-4 text-center\">\n        <p class=\"text-sm font-semibold text-gray-800\">appliedAI Institute<\/p>\n        <p class=\"text-xs text-gray-600 mt-1\">Liste de startups \/ Visibilit\u00e9<\/p>\n      <\/div>\n    <\/a>\n\n    <!-- TZL -->\n   <a href=\"https:\/\/tzl.de\/2023\/10\/09\/existenzgruenderpreis-der-luebecker-wirtschaft-2023-gateway49-team-tooltip-gewinnt\/\" target=\"_blank\" rel=\"noopener noreferrer\" class=\"group rounded-3xl bg-[#e4eaff] p-6 shadow-sm hover:shadow-md transition flex flex-col justify-between min-h-[240px]\">\n\n  <div class=\"flex items-center justify-center h-28\">\n    <img decoding=\"async\" src=\"https:\/\/splitbot.ai\/wp-content\/uploads\/2025\/02\/ALL_TZL-Logo_blau-freigestellt-1030x375-1.webp\" alt=\"Technikzentrum L\u00fcbeck\" class=\"max-h-24 w-auto max-w-[92%] object-contain\"\/>\n  <\/div>\n\n  <div class=\"pt-4 text-center\">\n    <p class=\"text-sm font-semibold text-gray-800\">Centre de technologie de L\u00fcbeck (TZL)<\/p>\n    <p class=\"text-xs text-gray-600 mt-1\">Prix de cr\u00e9ation d&rsquo;entreprise 2023<\/p>\n  <\/div>\n<\/a>\n\n\n    <!-- Startup Days L\u00fcbeck -->\n    <a href=\"https:\/\/startup-days.de\/speaker\/tadeusz-nikitin\/\" target=\"_blank\" rel=\"noopener noreferrer\" class=\"group rounded-3xl bg-[#e4eaff] p-6 shadow-sm hover:shadow-md transition flex flex-col justify-between min-h-[240px]\">\n      <div class=\"flex items-center justify-center h-28\">\n        <img decoding=\"async\" src=\"https:\/\/splitbot.ai\/wp-content\/uploads\/2025\/02\/LOGO_SDL_sw_2024_gelb-300x300-1.webp\" alt=\"Startup Days L\u00fcbeck\" class=\"max-h-24 w-auto max-w-[92%] object-contain\"\/>\n      <\/div>\n      <div class=\"pt-4 text-center\">\n        <p class=\"text-sm font-semibold text-gray-800\">Startup Days L\u00fcbeck<\/p>\n        <p class=\"text-xs text-gray-600 mt-1\">Profil de conf\u00e9rencier<\/p>\n      <\/div>\n    <\/a>\n\n    <!-- KI-Transfer-Hub SH -->\n    <a href=\"https:\/\/kuenstliche-intelligenz.sh\/de\/den-internen-postverkehr-mit-ki-digitalisieren\" target=\"_blank\" rel=\"noopener noreferrer\" class=\"group rounded-3xl bg-[#e4eaff] p-6 shadow-sm hover:shadow-md transition flex flex-col justify-between min-h-[240px]\">\n      <div class=\"flex items-center justify-center h-28\">\n        <img decoding=\"async\" src=\"https:\/\/splitbot.ai\/wp-content\/uploads\/2026\/01\/Logo_KI-Transfer-Hub-SH_CMYK.png\" alt=\"KI-Transfer-Hub Schleswig-Holstein\" class=\"max-h-24 w-auto max-w-[92%] object-contain\"\/>\n      <\/div>\n      <div class=\"pt-4 text-center\">\n        <p class=\"text-sm font-semibold text-gray-800\">KI-Transfer-Hub SH<\/p>\n        <p class=\"text-xs text-gray-600 mt-1\">Article : Le courrier postal avec l&rsquo;IA<\/p>\n      <\/div>\n    <\/a>\n\n    <!-- Mentoren SH -->\n    <a href=\"https:\/\/www.mentoren-sh.de\/2025\/09\/interview-tadeusz-nikitin\/\" target=\"_blank\" rel=\"noopener noreferrer\" class=\"group rounded-3xl bg-[#e4eaff] p-6 shadow-sm hover:shadow-md transition flex flex-col justify-between min-h-[240px]\">\n      <div class=\"flex items-center justify-center h-28\">\n        <img decoding=\"async\" src=\"https:\/\/splitbot.ai\/wp-content\/uploads\/2025\/09\/logo-300x51.png\" alt=\"Mentors Schleswig-Holstein\" class=\"max-h-20 w-auto max-w-[92%] object-contain\"\/>\n      <\/div>\n      <div class=\"pt-4 text-center\">\n        <p class=\"text-sm font-semibold text-gray-800\">Mentors SH<\/p>\n        <p class=\"text-xs text-gray-600 mt-1\">Interview<\/p>\n      <\/div>\n    <\/a>\n\n    <!-- \u2026 den Rest deiner Kacheln einfach im gleichen Muster weiterf\u00fchren \u2026 -->\n\n  <\/div>\n\n  \n<\/section>\n\n\n  <!-- CTA -->\n  <section class=\"max-w-6xl mx-auto px-6 pb-20\">\n    <div class=\"rounded-[55px] p-10 md:p-14 text-center\" style=\"background:linear-gradient(135deg,rgba(7,146,227,0.12) 0%,rgba(155,81,224,0.35) 100%);\">\n      <h2 class=\"text-2xl md:text-3xl font-bold mb-3\">Vous \u00e9crivez sur Splitbot ?<\/h2>\n      <p class=\"text-lg text-gray-700 mb-6\">\n  Nous fournissons rapidement des d\u00e9clarations, des informations g\u00e9n\u00e9rales et du mat\u00e9riel de presse \u2013 et nous sommes heureux de montrer en direct comment KOSMO est utilis\u00e9 dans les entreprises et les municipalit\u00e9s.\n      <\/p>\n      <a href=\"https:\/\/splitbot.ai\/fr\/contact\/\" class=\"inline-block bg-[#8A8AB2] text-white px-8 py-3 rounded-xl font-semibold shadow hover:bg-[#77779c] transition\">\n  Contacter le service de presse\n      <\/a>\n    <\/div>\n  <\/section>\n\n\n\n<\/div>\n","protected":false},"excerpt":{"rendered":"<p>Presse | Splitbot Presse Vous trouverez ici des articles, des mentions et des r\u00e9seaux de partenaires concernant Splitbot et notre assistant num\u00e9rique KOSMO. Nous d\u00e9veloppons des solutions d&rsquo;IA souveraines en mati\u00e8re de donn\u00e9es \u2013 au choix sur site ou dans des centres de donn\u00e9es certifi\u00e9s en Allemagne \u2013 en mettant l&rsquo;accent sur la protection des [&hellip;]<\/p>\n","protected":false},"author":1,"featured_media":0,"parent":0,"menu_order":0,"comment_status":"closed","ping_status":"closed","template":"","meta":{"footnotes":""},"class_list":["post-4472","page","type-page","status-publish","hentry"],"yoast_head":"<!-- This site is optimized with the Yoast SEO plugin v26.7 - https:\/\/yoast.com\/wordpress\/plugins\/seo\/ -->\n<title>Presse sur Splitbot | Articles de presse et r\u00e9compenses<\/title>\n<meta name=\"description\" content=\"Presse sur Splitbot : Articles de presse, articles et r\u00e9compenses concernant nos solutions de chatbot IA et notre entreprise.\" \/>\n<meta name=\"robots\" content=\"index, follow, max-snippet:-1, max-image-preview:large, max-video-preview:-1\" \/>\n<link rel=\"canonical\" href=\"https:\/\/splitbot.ai\/fr\/presse-3\/\" \/>\n<meta property=\"og:locale\" content=\"fr_FR\" \/>\n<meta property=\"og:type\" content=\"article\" \/>\n<meta property=\"og:title\" content=\"Presse sur Splitbot | Articles de presse et r\u00e9compenses\" \/>\n<meta property=\"og:description\" content=\"Presse sur Splitbot : Articles de presse, articles et r\u00e9compenses concernant nos solutions de chatbot IA et notre entreprise.\" \/>\n<meta property=\"og:url\" content=\"https:\/\/splitbot.ai\/fr\/presse-3\/\" \/>\n<meta property=\"og:site_name\" content=\"Apportez la souverainet\u00e9 num\u00e9rique \u00e0 votre lieu de travail avec splitbot.ai.\" \/>\n<meta property=\"article:modified_time\" content=\"2026-01-15T12:25:05+00:00\" \/>\n<meta property=\"og:image\" content=\"https:\/\/splitbot.ai\/wp-content\/uploads\/2025\/11\/logo_digitalisierungspreis.webp\" \/>\n<meta name=\"twitter:card\" content=\"summary_large_image\" \/>\n<meta name=\"twitter:label1\" content=\"Dur\u00e9e de lecture estim\u00e9e\" \/>\n\t<meta name=\"twitter:data1\" content=\"2 minutes\" \/>\n<script type=\"application\/ld+json\" class=\"yoast-schema-graph\">{\"@context\":\"https:\/\/schema.org\",\"@graph\":[{\"@type\":\"WebPage\",\"@id\":\"https:\/\/splitbot.ai\/fr\/presse-3\/\",\"url\":\"https:\/\/splitbot.ai\/fr\/presse-3\/\",\"name\":\"Presse sur Splitbot | Articles de presse et r\u00e9compenses\",\"isPartOf\":{\"@id\":\"https:\/\/splitbot.ai\/fr\/#website\"},\"primaryImageOfPage\":{\"@id\":\"https:\/\/splitbot.ai\/fr\/presse-3\/#primaryimage\"},\"image\":{\"@id\":\"https:\/\/splitbot.ai\/fr\/presse-3\/#primaryimage\"},\"thumbnailUrl\":\"https:\/\/splitbot.ai\/wp-content\/uploads\/2025\/11\/logo_digitalisierungspreis.webp\",\"datePublished\":\"2026-01-15T11:16:15+00:00\",\"dateModified\":\"2026-01-15T12:25:05+00:00\",\"description\":\"Presse sur Splitbot : Articles de presse, articles et r\u00e9compenses concernant nos solutions de chatbot IA et notre entreprise.\",\"breadcrumb\":{\"@id\":\"https:\/\/splitbot.ai\/fr\/presse-3\/#breadcrumb\"},\"inLanguage\":\"fr-FR\",\"potentialAction\":[{\"@type\":\"ReadAction\",\"target\":[\"https:\/\/splitbot.ai\/fr\/presse-3\/\"]}]},{\"@type\":\"ImageObject\",\"inLanguage\":\"fr-FR\",\"@id\":\"https:\/\/splitbot.ai\/fr\/presse-3\/#primaryimage\",\"url\":\"https:\/\/splitbot.ai\/wp-content\/uploads\/2025\/11\/logo_digitalisierungspreis.webp\",\"contentUrl\":\"https:\/\/splitbot.ai\/wp-content\/uploads\/2025\/11\/logo_digitalisierungspreis.webp\"},{\"@type\":\"BreadcrumbList\",\"@id\":\"https:\/\/splitbot.ai\/fr\/presse-3\/#breadcrumb\",\"itemListElement\":[{\"@type\":\"ListItem\",\"position\":1,\"name\":\"Start\",\"item\":\"https:\/\/splitbot.ai\/fr\/\"},{\"@type\":\"ListItem\",\"position\":2,\"name\":\"Presse\"}]},{\"@type\":\"WebSite\",\"@id\":\"https:\/\/splitbot.ai\/fr\/#website\",\"url\":\"https:\/\/splitbot.ai\/fr\/\",\"name\":\"Digital Souver\u00e4ne KI f\u00fcr deinen Arbeitsplatz\",\"description\":\"\",\"publisher\":{\"@id\":\"https:\/\/splitbot.ai\/fr\/#organization\"},\"potentialAction\":[{\"@type\":\"SearchAction\",\"target\":{\"@type\":\"EntryPoint\",\"urlTemplate\":\"https:\/\/splitbot.ai\/fr\/?s={search_term_string}\"},\"query-input\":{\"@type\":\"PropertyValueSpecification\",\"valueRequired\":true,\"valueName\":\"search_term_string\"}}],\"inLanguage\":\"fr-FR\"},{\"@type\":\"Organization\",\"@id\":\"https:\/\/splitbot.ai\/fr\/#organization\",\"name\":\"Splitbot\",\"url\":\"https:\/\/splitbot.ai\/fr\/\",\"logo\":{\"@type\":\"ImageObject\",\"inLanguage\":\"fr-FR\",\"@id\":\"https:\/\/splitbot.ai\/fr\/#\/schema\/logo\/image\/\",\"url\":\"https:\/\/splitbot.ai\/wp-content\/uploads\/2025\/02\/Log_Wort_Bild_Lilablau.png\",\"contentUrl\":\"https:\/\/splitbot.ai\/wp-content\/uploads\/2025\/02\/Log_Wort_Bild_Lilablau.png\",\"width\":393,\"height\":46,\"caption\":\"Splitbot\"},\"image\":{\"@id\":\"https:\/\/splitbot.ai\/fr\/#\/schema\/logo\/image\/\"}}]}<\/script>\n<!-- \/ Yoast SEO plugin. -->","yoast_head_json":{"title":"Presse sur Splitbot | Articles de presse et r\u00e9compenses","description":"Presse sur Splitbot : Articles de presse, articles et r\u00e9compenses concernant nos solutions de chatbot IA et notre entreprise.","robots":{"index":"index","follow":"follow","max-snippet":"max-snippet:-1","max-image-preview":"max-image-preview:large","max-video-preview":"max-video-preview:-1"},"canonical":"https:\/\/splitbot.ai\/fr\/presse-3\/","og_locale":"fr_FR","og_type":"article","og_title":"Presse sur Splitbot | Articles de presse et r\u00e9compenses","og_description":"Presse sur Splitbot : Articles de presse, articles et r\u00e9compenses concernant nos solutions de chatbot IA et notre entreprise.","og_url":"https:\/\/splitbot.ai\/fr\/presse-3\/","og_site_name":"Apportez la souverainet\u00e9 num\u00e9rique \u00e0 votre lieu de travail avec splitbot.ai.","article_modified_time":"2026-01-15T12:25:05+00:00","og_image":[{"url":"https:\/\/splitbot.ai\/wp-content\/uploads\/2025\/11\/logo_digitalisierungspreis.webp","type":"","width":"","height":""}],"twitter_card":"summary_large_image","twitter_misc":{"Dur\u00e9e de lecture estim\u00e9e":"2 minutes"},"schema":{"@context":"https:\/\/schema.org","@graph":[{"@type":"WebPage","@id":"https:\/\/splitbot.ai\/fr\/presse-3\/","url":"https:\/\/splitbot.ai\/fr\/presse-3\/","name":"Presse sur Splitbot | Articles de presse et r\u00e9compenses","isPartOf":{"@id":"https:\/\/splitbot.ai\/fr\/#website"},"primaryImageOfPage":{"@id":"https:\/\/splitbot.ai\/fr\/presse-3\/#primaryimage"},"image":{"@id":"https:\/\/splitbot.ai\/fr\/presse-3\/#primaryimage"},"thumbnailUrl":"https:\/\/splitbot.ai\/wp-content\/uploads\/2025\/11\/logo_digitalisierungspreis.webp","datePublished":"2026-01-15T11:16:15+00:00","dateModified":"2026-01-15T12:25:05+00:00","description":"Presse sur Splitbot : Articles de presse, articles et r\u00e9compenses concernant nos solutions de chatbot IA et notre entreprise.","breadcrumb":{"@id":"https:\/\/splitbot.ai\/fr\/presse-3\/#breadcrumb"},"inLanguage":"fr-FR","potentialAction":[{"@type":"ReadAction","target":["https:\/\/splitbot.ai\/fr\/presse-3\/"]}]},{"@type":"ImageObject","inLanguage":"fr-FR","@id":"https:\/\/splitbot.ai\/fr\/presse-3\/#primaryimage","url":"https:\/\/splitbot.ai\/wp-content\/uploads\/2025\/11\/logo_digitalisierungspreis.webp","contentUrl":"https:\/\/splitbot.ai\/wp-content\/uploads\/2025\/11\/logo_digitalisierungspreis.webp"},{"@type":"BreadcrumbList","@id":"https:\/\/splitbot.ai\/fr\/presse-3\/#breadcrumb","itemListElement":[{"@type":"ListItem","position":1,"name":"Start","item":"https:\/\/splitbot.ai\/fr\/"},{"@type":"ListItem","position":2,"name":"Presse"}]},{"@type":"WebSite","@id":"https:\/\/splitbot.ai\/fr\/#website","url":"https:\/\/splitbot.ai\/fr\/","name":"Digital Souver\u00e4ne KI f\u00fcr deinen Arbeitsplatz","description":"","publisher":{"@id":"https:\/\/splitbot.ai\/fr\/#organization"},"potentialAction":[{"@type":"SearchAction","target":{"@type":"EntryPoint","urlTemplate":"https:\/\/splitbot.ai\/fr\/?s={search_term_string}"},"query-input":{"@type":"PropertyValueSpecification","valueRequired":true,"valueName":"search_term_string"}}],"inLanguage":"fr-FR"},{"@type":"Organization","@id":"https:\/\/splitbot.ai\/fr\/#organization","name":"Splitbot","url":"https:\/\/splitbot.ai\/fr\/","logo":{"@type":"ImageObject","inLanguage":"fr-FR","@id":"https:\/\/splitbot.ai\/fr\/#\/schema\/logo\/image\/","url":"https:\/\/splitbot.ai\/wp-content\/uploads\/2025\/02\/Log_Wort_Bild_Lilablau.png","contentUrl":"https:\/\/splitbot.ai\/wp-content\/uploads\/2025\/02\/Log_Wort_Bild_Lilablau.png","width":393,"height":46,"caption":"Splitbot"},"image":{"@id":"https:\/\/splitbot.ai\/fr\/#\/schema\/logo\/image\/"}}]}},"_links":{"self":[{"href":"https:\/\/splitbot.ai\/fr\/wp-json\/wp\/v2\/pages\/4472","targetHints":{"allow":["GET"]}}],"collection":[{"href":"https:\/\/splitbot.ai\/fr\/wp-json\/wp\/v2\/pages"}],"about":[{"href":"https:\/\/splitbot.ai\/fr\/wp-json\/wp\/v2\/types\/page"}],"author":[{"embeddable":true,"href":"https:\/\/splitbot.ai\/fr\/wp-json\/wp\/v2\/users\/1"}],"replies":[{"embeddable":true,"href":"https:\/\/splitbot.ai\/fr\/wp-json\/wp\/v2\/comments?post=4472"}],"version-history":[{"count":13,"href":"https:\/\/splitbot.ai\/fr\/wp-json\/wp\/v2\/pages\/4472\/revisions"}],"predecessor-version":[{"id":4588,"href":"https:\/\/splitbot.ai\/fr\/wp-json\/wp\/v2\/pages\/4472\/revisions\/4588"}],"wp:attachment":[{"href":"https:\/\/splitbot.ai\/fr\/wp-json\/wp\/v2\/media?parent=4472"}],"curies":[{"name":"wp","href":"https:\/\/api.w.org\/{rel}","templated":true}]}}