{"id":1177,"date":"2025-02-14T13:24:02","date_gmt":"2025-02-14T12:24:02","guid":{"rendered":"https:\/\/splitbot.ai\/chatbot-pour-lintegration-des-nouveaux-employes\/"},"modified":"2026-01-15T11:34:39","modified_gmt":"2026-01-15T10:34:39","slug":"chatbot-pour-lintegration-des-nouveaux-employes","status":"publish","type":"page","link":"https:\/\/splitbot.ai\/fr\/chatbot-pour-lintegration-des-nouveaux-employes\/","title":{"rendered":"Chatbot pour l&rsquo;int\u00e9gration des nouveaux employ\u00e9s"},"content":{"rendered":"\n<div class=\"wp-block-group alignfull has-base-background-color has-background has-global-padding is-layout-constrained wp-block-group-is-layout-constrained\" style=\"border-style:none;border-width:0px;border-radius:0px;margin-top:0;margin-bottom:0;padding-top:var(--wp--preset--spacing--30);padding-bottom:var(--wp--preset--spacing--30)\">\n<div class=\"wp-block-columns alignwide is-layout-flex wp-container-core-columns-is-layout-8f58641f wp-block-columns-is-layout-flex\" style=\"margin-top:var(--wp--preset--spacing--40);margin-bottom:var(--wp--preset--spacing--40);padding-right:0;padding-left:0\">\n<div class=\"wp-block-column is-vertically-aligned-center is-layout-flow wp-block-column-is-layout-flow\" style=\"flex-basis:100%\">\n<div class=\"wp-block-group alignfull section-1 has-background is-layout-flow wp-block-group-is-layout-flow\" style=\"border-style:none;border-width:0px;border-radius:55px;background:linear-gradient(135deg,rgba(7,146,227,0.12) 0%,rgba(155,81,224,0.35) 100%);min-height:644px;margin-top:0;margin-bottom:var(--wp--preset--spacing--50);padding-top:var(--wp--preset--spacing--50);padding-bottom:var(--wp--preset--spacing--50)\">\n<div class=\"wp-block-columns alignwide are-vertically-aligned-center is-layout-flex wp-container-core-columns-is-layout-714ffb89 wp-block-columns-is-layout-flex\" style=\"margin-top:var(--wp--preset--spacing--40);margin-bottom:var(--wp--preset--spacing--40);padding-top:var(--wp--preset--spacing--60);padding-right:var(--wp--preset--spacing--60);padding-left:var(--wp--preset--spacing--60)\">\n<div class=\"wp-block-column is-vertically-aligned-center is-layout-flow wp-block-column-is-layout-flow\" style=\"flex-basis:50%\">\n<h1 class=\"wp-block-heading has-xx-large-font-size\">Chatbot bas\u00e9 sur l&rsquo;IA<br\/>pour l&rsquo;int\u00e9gration<\/h1>\n\n\n\n<p class=\"is-style-default has-medium-font-size\">Efficace, s\u00fbr et h\u00e9berg\u00e9 en Allemagne.<\/p>\n\n\n\n<p class=\"is-style-default has-medium-font-size\"><strong>Contactez-nous d\u00e8s maintenant<\/strong> et d\u00e9couvrez comment notre chatbot peut rendre vos processus internes plus efficaces\u00a0!<\/p>\n\n\n\n<div class=\"wp-block-buttons is-layout-flex wp-block-buttons-is-layout-flex\">\n<div class=\"wp-block-button\"><a class=\"wp-block-button__link wp-element-button\" href=\"https:\/\/splitbot.ai\/fr\/contact\/\">Contactez-nous maintenant\u00a0!<\/a><\/div>\n<\/div>\n<\/div>\n\n\n\n<div class=\"wp-block-column is-vertically-aligned-center is-layout-flow wp-block-column-is-layout-flow\" style=\"flex-basis:50%\">\n<figure class=\"wp-block-image aligncenter size-full is-resized\"><img loading=\"lazy\" decoding=\"async\" width=\"759\" height=\"585\" src=\"https:\/\/splitbot.ai\/wp-content\/uploads\/2025\/02\/Kosmo.png\" alt=\"\" class=\"wp-image-86\" style=\"width:454px\" srcset=\"https:\/\/splitbot.ai\/wp-content\/uploads\/2025\/02\/Kosmo.png 759w, https:\/\/splitbot.ai\/wp-content\/uploads\/2025\/02\/Kosmo-300x231.png 300w\" sizes=\"auto, (max-width: 759px) 100vw, 759px\" \/><\/figure>\n<\/div>\n<\/div>\n<\/div>\n<\/div>\n<\/div>\n\n\n\n<div class=\"wp-block-columns alignwide is-layout-flex wp-container-core-columns-is-layout-9b89117e wp-block-columns-is-layout-flex\" style=\"margin-top:var(--wp--preset--spacing--30);margin-bottom:var(--wp--preset--spacing--30);padding-top:0;padding-right:0;padding-bottom:0;padding-left:0\">\n<div class=\"wp-block-column is-vertically-aligned-center is-layout-flow wp-block-column-is-layout-flow\" style=\"flex-basis:100%\">\n<h2 class=\"wp-block-heading has-x-large-font-size\">Avantages d&rsquo;un chatbot interne pour l&rsquo;int\u00e9gration des nouveaux coll\u00e8gues :<\/h2>\n\n\n\n<p class=\"is-style-default\"><strong>Nous h\u00e9bergeons toutes les donn\u00e9es et applications dans nos propres centres de donn\u00e9es en Allemagne.<\/strong><\/p>\n\n\n\n<p class=\"is-style-default\"><strong>Acc\u00e8s s\u00e9curis\u00e9 aux donn\u00e9es, conforme au RGPD<\/strong> : Le chatbot est conforme au RGPD et stocke les donn\u00e9es exclusivement sur des serveurs en Allemagne. Ainsi, tout ce qui est partag\u00e9 pendant l&rsquo;int\u00e9gration reste s\u00fbr et confidentiel. <\/p>\n\n\n\n<p><strong>Orientation rapide et premier interlocuteur<\/strong> : Les nouveaux employ\u00e9s ont beaucoup de questions \u2013 le chatbot est imm\u00e9diatement disponible et r\u00e9pond rapidement et de mani\u00e8re fiable aux questions les plus importantes concernant les processus, les interlocuteurs et les d\u00e9tails organisationnels.<\/p>\n\n\n\n<p><strong>Assistance compl\u00e8te 24 heures sur 24<\/strong> : Le chatbot est disponible \u00e0 tout moment et accompagne les nouveaux membres de l&rsquo;\u00e9quipe dans leurs premiers pas \u2013 de l&rsquo;organisation du poste de travail aux consignes de s\u00e9curit\u00e9, en passant par les principaux outils informatiques. Ainsi, aucune question ne reste sans r\u00e9ponse, m\u00eame en dehors des heures de bureau. <\/p>\n\n\n\n<p><strong>Guide \u00e0 travers les processus internes<\/strong> : Notre chatbot aide les nouveaux employ\u00e9s \u00e0 s&rsquo;orienter dans la structure de l&rsquo;organisation. Il fournit des indications pr\u00e9cieuses sur les processus, les guides et les principaux d\u00e9roulements de la vie professionnelle quotidienne, afin que l&rsquo;\u00e9quipe puisse s&rsquo;int\u00e9grer rapidement. <\/p>\n\n\n\n<p><strong>Adaptation individuelle aux besoins des d\u00e9partements<\/strong> : Le chatbot peut \u00eatre adapt\u00e9 de mani\u00e8re flexible aux exigences sp\u00e9cifiques de chaque d\u00e9partement ou poste, afin que chaque personne re\u00e7oive les informations qui la concernent pr\u00e9cis\u00e9ment.<\/p>\n\n\n\n<p><strong>Int\u00e9gration efficace aux outils et syst\u00e8mes internes<\/strong> : Qu&rsquo;il s&rsquo;agisse des outils de messagerie, du syst\u00e8me de gestion de documents ou de l&rsquo;intranet, le chatbot propose des formations et des instructions pour toutes les applications importantes n\u00e9cessaires au quotidien.<\/p>\n\n\n\n<p><strong>D\u00e9p\u00f4t central pour les ressources d&rsquo;int\u00e9gration<\/strong> : Le chatbot peut servir de base de connaissances pour tous les documents d&rsquo;int\u00e9gration pertinents. Les directives, les mod\u00e8les de documents et les supports de formation sont disponibles \u00e0 tout moment et sont \u00e0 jour. <\/p>\n\n\n\n<p><strong>Assistance gr\u00e2ce \u00e0 des listes de contr\u00f4le personnalisables<\/strong> : Le chatbot propose des listes de contr\u00f4le d&rsquo;int\u00e9gration individuelles qui guident tout au long du processus d&rsquo;int\u00e9gration et garantissent qu&rsquo;aucune \u00e9tape importante n&rsquo;est oubli\u00e9e \u2013 de l&rsquo;installation du poste de travail \u00e0 la premi\u00e8re planification de projet.<\/p>\n\n\n\n<p><strong>Encouragement de l&rsquo;autonomie<\/strong> : Gr\u00e2ce \u00e0 la disponibilit\u00e9 directe des r\u00e9ponses et des ressources, le chatbot encourage une int\u00e9gration autonome et proactive. Les nouveaux employ\u00e9s se sentent moins d\u00e9pendants de leurs coll\u00e8gues et peuvent organiser leur int\u00e9gration de mani\u00e8re ind\u00e9pendante. <\/p>\n\n\n\n<p><strong>Int\u00e9gration rapide dans la culture d&rsquo;entreprise<\/strong> : Le chatbot donne un aper\u00e7u de la culture et des valeurs de l&rsquo;organisation et partage des informations sur les \u00e9v\u00e9nements internes, les offres et les \u00e9quipes pertinentes. Ainsi, les nouveaux membres de l&rsquo;\u00e9quipe se sentent plus rapidement partie int\u00e9grante de l&rsquo;ensemble. <\/p>\n\n\n\n<div class=\"wp-block-group alignfull has-background is-layout-flow wp-block-group-is-layout-flow\" style=\"border-style:none;border-width:0px;border-radius:55px;background:linear-gradient(135deg,rgba(7,146,227,0.12) 0%,rgba(155,81,224,0.35) 100%);margin-top:var(--wp--preset--spacing--60);margin-bottom:var(--wp--preset--spacing--20);padding-top:var(--wp--preset--spacing--50);padding-bottom:var(--wp--preset--spacing--50)\">\n<div class=\"wp-block-columns alignwide is-layout-flex wp-container-core-columns-is-layout-be4958c3 wp-block-columns-is-layout-flex\" style=\"margin-top:0;margin-bottom:0;padding-top:0;padding-right:var(--wp--preset--spacing--60);padding-left:var(--wp--preset--spacing--60)\">\n<div class=\"wp-block-column is-vertically-aligned-top is-layout-flow wp-block-column-is-layout-flow\" style=\"flex-basis:100%\">\n<h3 class=\"wp-block-heading has-xx-large-font-size\">Pourquoi choisir Kosmo comme chatbot\u00a0?<\/h3>\n\n\n\n<p class=\"is-style-default\">Un <strong>chatbot interne conforme au RGPD<\/strong> est le compagnon id\u00e9al pour les nouveaux employ\u00e9s et veille \u00e0 ce que le processus d&rsquo;int\u00e9gration se d\u00e9roule de mani\u00e8re fluide, s\u00fbre et efficace \u2013 une solution globale et bien pens\u00e9e pour une int\u00e9gration rapide et compl\u00e8te dans l&rsquo;\u00e9quipe.<\/p>\n\n\n\n<p><strong>Contactez-nous et apprenez-en davantage<\/strong> \u2013 Votre chatbot d&rsquo;int\u00e9gration pour une int\u00e9gration r\u00e9ussie des nouveaux employ\u00e9s !<\/p>\n\n\n\n<p class=\"is-style-default\"><strong>Nous h\u00e9bergeons toutes les donn\u00e9es et applications dans nos propres centres de donn\u00e9es en Allemagne.<\/strong><\/p>\n<\/div>\n<\/div>\n<\/div>\n<\/div>\n<\/div>\n<\/div>\n","protected":false},"excerpt":{"rendered":"<p>Chatbot bas\u00e9 sur l&rsquo;IApour l&rsquo;int\u00e9gration Efficace, s\u00fbr et h\u00e9berg\u00e9 en Allemagne. Contactez-nous d\u00e8s maintenant et d\u00e9couvrez comment notre chatbot peut rendre vos processus internes plus efficaces\u00a0! Avantages d&rsquo;un chatbot interne pour l&rsquo;int\u00e9gration des nouveaux coll\u00e8gues : Nous h\u00e9bergeons toutes les donn\u00e9es et applications dans nos propres centres de donn\u00e9es en Allemagne. Acc\u00e8s s\u00e9curis\u00e9 aux donn\u00e9es, [&hellip;]<\/p>\n","protected":false},"author":1,"featured_media":0,"parent":0,"menu_order":0,"comment_status":"closed","ping_status":"closed","template":"","meta":{"footnotes":""},"class_list":["post-1177","page","type-page","status-publish","hentry"],"yoast_head":"<!-- This site is optimized with the Yoast SEO plugin v26.7 - https:\/\/yoast.com\/wordpress\/plugins\/seo\/ -->\n<title>Chatbot pour l\u2019int\u00e9gration de nouveaux employ\u00e9s | IA de Splitbot<\/title>\n<meta name=\"description\" content=\"Le chatbot Splitbot pour l\u2019int\u00e9gration de nouveaux employ\u00e9s : automatisez l\u2019int\u00e9gration, transmettez les connaissances et d\u00e9chargez les RH gr\u00e2ce \u00e0 une IA conforme au RGPD.\" \/>\n<meta name=\"robots\" content=\"index, follow, max-snippet:-1, max-image-preview:large, max-video-preview:-1\" \/>\n<link rel=\"canonical\" href=\"https:\/\/splitbot.ai\/fr\/chatbot-pour-lintegration-des-nouveaux-employes\/\" \/>\n<meta property=\"og:locale\" content=\"fr_FR\" \/>\n<meta property=\"og:type\" content=\"article\" \/>\n<meta property=\"og:title\" content=\"Chatbot pour l\u2019int\u00e9gration de nouveaux employ\u00e9s | IA de Splitbot\" \/>\n<meta property=\"og:description\" content=\"Le chatbot Splitbot pour l\u2019int\u00e9gration de nouveaux employ\u00e9s : automatisez l\u2019int\u00e9gration, transmettez les connaissances et d\u00e9chargez les RH gr\u00e2ce \u00e0 une IA conforme au RGPD.\" \/>\n<meta property=\"og:url\" content=\"https:\/\/splitbot.ai\/fr\/chatbot-pour-lintegration-des-nouveaux-employes\/\" \/>\n<meta property=\"og:site_name\" content=\"Apportez la souverainet\u00e9 num\u00e9rique \u00e0 votre lieu de travail avec splitbot.ai.\" \/>\n<meta property=\"article:modified_time\" content=\"2026-01-15T10:34:39+00:00\" \/>\n<meta property=\"og:image\" content=\"https:\/\/splitbot.ai\/wp-content\/uploads\/2025\/02\/Kosmo.png\" \/>\n\t<meta property=\"og:image:width\" content=\"759\" \/>\n\t<meta property=\"og:image:height\" content=\"585\" \/>\n\t<meta property=\"og:image:type\" content=\"image\/png\" \/>\n<meta name=\"twitter:card\" content=\"summary_large_image\" \/>\n<meta name=\"twitter:label1\" content=\"Dur\u00e9e de lecture estim\u00e9e\" \/>\n\t<meta name=\"twitter:data1\" content=\"3 minutes\" \/>\n<script type=\"application\/ld+json\" class=\"yoast-schema-graph\">{\"@context\":\"https:\/\/schema.org\",\"@graph\":[{\"@type\":\"WebPage\",\"@id\":\"https:\/\/splitbot.ai\/fr\/chatbot-pour-lintegration-des-nouveaux-employes\/\",\"url\":\"https:\/\/splitbot.ai\/fr\/chatbot-pour-lintegration-des-nouveaux-employes\/\",\"name\":\"Chatbot pour l\u2019int\u00e9gration de nouveaux employ\u00e9s | IA de Splitbot\",\"isPartOf\":{\"@id\":\"https:\/\/splitbot.ai\/fr\/#website\"},\"primaryImageOfPage\":{\"@id\":\"https:\/\/splitbot.ai\/fr\/chatbot-pour-lintegration-des-nouveaux-employes\/#primaryimage\"},\"image\":{\"@id\":\"https:\/\/splitbot.ai\/fr\/chatbot-pour-lintegration-des-nouveaux-employes\/#primaryimage\"},\"thumbnailUrl\":\"https:\/\/splitbot.ai\/wp-content\/uploads\/2025\/02\/Kosmo.png\",\"datePublished\":\"2025-02-14T12:24:02+00:00\",\"dateModified\":\"2026-01-15T10:34:39+00:00\",\"description\":\"Le chatbot Splitbot pour l\u2019int\u00e9gration de nouveaux employ\u00e9s : automatisez l\u2019int\u00e9gration, transmettez les connaissances et d\u00e9chargez les RH gr\u00e2ce \u00e0 une IA conforme au RGPD.\",\"breadcrumb\":{\"@id\":\"https:\/\/splitbot.ai\/fr\/chatbot-pour-lintegration-des-nouveaux-employes\/#breadcrumb\"},\"inLanguage\":\"fr-FR\",\"potentialAction\":[{\"@type\":\"ReadAction\",\"target\":[\"https:\/\/splitbot.ai\/fr\/chatbot-pour-lintegration-des-nouveaux-employes\/\"]}]},{\"@type\":\"ImageObject\",\"inLanguage\":\"fr-FR\",\"@id\":\"https:\/\/splitbot.ai\/fr\/chatbot-pour-lintegration-des-nouveaux-employes\/#primaryimage\",\"url\":\"https:\/\/splitbot.ai\/wp-content\/uploads\/2025\/02\/Kosmo.png\",\"contentUrl\":\"https:\/\/splitbot.ai\/wp-content\/uploads\/2025\/02\/Kosmo.png\"},{\"@type\":\"BreadcrumbList\",\"@id\":\"https:\/\/splitbot.ai\/fr\/chatbot-pour-lintegration-des-nouveaux-employes\/#breadcrumb\",\"itemListElement\":[{\"@type\":\"ListItem\",\"position\":1,\"name\":\"Start\",\"item\":\"https:\/\/splitbot.ai\/fr\/\"},{\"@type\":\"ListItem\",\"position\":2,\"name\":\"Chatbot pour l&#8217;int\u00e9gration des nouveaux employ\u00e9s\"}]},{\"@type\":\"WebSite\",\"@id\":\"https:\/\/splitbot.ai\/fr\/#website\",\"url\":\"https:\/\/splitbot.ai\/fr\/\",\"name\":\"Digital Souver\u00e4ne KI f\u00fcr deinen Arbeitsplatz\",\"description\":\"\",\"publisher\":{\"@id\":\"https:\/\/splitbot.ai\/fr\/#organization\"},\"potentialAction\":[{\"@type\":\"SearchAction\",\"target\":{\"@type\":\"EntryPoint\",\"urlTemplate\":\"https:\/\/splitbot.ai\/fr\/?s={search_term_string}\"},\"query-input\":{\"@type\":\"PropertyValueSpecification\",\"valueRequired\":true,\"valueName\":\"search_term_string\"}}],\"inLanguage\":\"fr-FR\"},{\"@type\":\"Organization\",\"@id\":\"https:\/\/splitbot.ai\/fr\/#organization\",\"name\":\"Splitbot\",\"url\":\"https:\/\/splitbot.ai\/fr\/\",\"logo\":{\"@type\":\"ImageObject\",\"inLanguage\":\"fr-FR\",\"@id\":\"https:\/\/splitbot.ai\/fr\/#\/schema\/logo\/image\/\",\"url\":\"https:\/\/splitbot.ai\/wp-content\/uploads\/2025\/02\/Log_Wort_Bild_Lilablau.png\",\"contentUrl\":\"https:\/\/splitbot.ai\/wp-content\/uploads\/2025\/02\/Log_Wort_Bild_Lilablau.png\",\"width\":393,\"height\":46,\"caption\":\"Splitbot\"},\"image\":{\"@id\":\"https:\/\/splitbot.ai\/fr\/#\/schema\/logo\/image\/\"}}]}<\/script>\n<!-- \/ Yoast SEO plugin. -->","yoast_head_json":{"title":"Chatbot pour l\u2019int\u00e9gration de nouveaux employ\u00e9s | IA de Splitbot","description":"Le chatbot Splitbot pour l\u2019int\u00e9gration de nouveaux employ\u00e9s : automatisez l\u2019int\u00e9gration, transmettez les connaissances et d\u00e9chargez les RH gr\u00e2ce \u00e0 une IA conforme au RGPD.","robots":{"index":"index","follow":"follow","max-snippet":"max-snippet:-1","max-image-preview":"max-image-preview:large","max-video-preview":"max-video-preview:-1"},"canonical":"https:\/\/splitbot.ai\/fr\/chatbot-pour-lintegration-des-nouveaux-employes\/","og_locale":"fr_FR","og_type":"article","og_title":"Chatbot pour l\u2019int\u00e9gration de nouveaux employ\u00e9s | IA de Splitbot","og_description":"Le chatbot Splitbot pour l\u2019int\u00e9gration de nouveaux employ\u00e9s : automatisez l\u2019int\u00e9gration, transmettez les connaissances et d\u00e9chargez les RH gr\u00e2ce \u00e0 une IA conforme au RGPD.","og_url":"https:\/\/splitbot.ai\/fr\/chatbot-pour-lintegration-des-nouveaux-employes\/","og_site_name":"Apportez la souverainet\u00e9 num\u00e9rique \u00e0 votre lieu de travail avec splitbot.ai.","article_modified_time":"2026-01-15T10:34:39+00:00","og_image":[{"width":759,"height":585,"url":"https:\/\/splitbot.ai\/wp-content\/uploads\/2025\/02\/Kosmo.png","type":"image\/png"}],"twitter_card":"summary_large_image","twitter_misc":{"Dur\u00e9e de lecture estim\u00e9e":"3 minutes"},"schema":{"@context":"https:\/\/schema.org","@graph":[{"@type":"WebPage","@id":"https:\/\/splitbot.ai\/fr\/chatbot-pour-lintegration-des-nouveaux-employes\/","url":"https:\/\/splitbot.ai\/fr\/chatbot-pour-lintegration-des-nouveaux-employes\/","name":"Chatbot pour l\u2019int\u00e9gration de nouveaux employ\u00e9s | IA de Splitbot","isPartOf":{"@id":"https:\/\/splitbot.ai\/fr\/#website"},"primaryImageOfPage":{"@id":"https:\/\/splitbot.ai\/fr\/chatbot-pour-lintegration-des-nouveaux-employes\/#primaryimage"},"image":{"@id":"https:\/\/splitbot.ai\/fr\/chatbot-pour-lintegration-des-nouveaux-employes\/#primaryimage"},"thumbnailUrl":"https:\/\/splitbot.ai\/wp-content\/uploads\/2025\/02\/Kosmo.png","datePublished":"2025-02-14T12:24:02+00:00","dateModified":"2026-01-15T10:34:39+00:00","description":"Le chatbot Splitbot pour l\u2019int\u00e9gration de nouveaux employ\u00e9s : automatisez l\u2019int\u00e9gration, transmettez les connaissances et d\u00e9chargez les RH gr\u00e2ce \u00e0 une IA conforme au RGPD.","breadcrumb":{"@id":"https:\/\/splitbot.ai\/fr\/chatbot-pour-lintegration-des-nouveaux-employes\/#breadcrumb"},"inLanguage":"fr-FR","potentialAction":[{"@type":"ReadAction","target":["https:\/\/splitbot.ai\/fr\/chatbot-pour-lintegration-des-nouveaux-employes\/"]}]},{"@type":"ImageObject","inLanguage":"fr-FR","@id":"https:\/\/splitbot.ai\/fr\/chatbot-pour-lintegration-des-nouveaux-employes\/#primaryimage","url":"https:\/\/splitbot.ai\/wp-content\/uploads\/2025\/02\/Kosmo.png","contentUrl":"https:\/\/splitbot.ai\/wp-content\/uploads\/2025\/02\/Kosmo.png"},{"@type":"BreadcrumbList","@id":"https:\/\/splitbot.ai\/fr\/chatbot-pour-lintegration-des-nouveaux-employes\/#breadcrumb","itemListElement":[{"@type":"ListItem","position":1,"name":"Start","item":"https:\/\/splitbot.ai\/fr\/"},{"@type":"ListItem","position":2,"name":"Chatbot pour l&#8217;int\u00e9gration des nouveaux employ\u00e9s"}]},{"@type":"WebSite","@id":"https:\/\/splitbot.ai\/fr\/#website","url":"https:\/\/splitbot.ai\/fr\/","name":"Digital Souver\u00e4ne KI f\u00fcr deinen Arbeitsplatz","description":"","publisher":{"@id":"https:\/\/splitbot.ai\/fr\/#organization"},"potentialAction":[{"@type":"SearchAction","target":{"@type":"EntryPoint","urlTemplate":"https:\/\/splitbot.ai\/fr\/?s={search_term_string}"},"query-input":{"@type":"PropertyValueSpecification","valueRequired":true,"valueName":"search_term_string"}}],"inLanguage":"fr-FR"},{"@type":"Organization","@id":"https:\/\/splitbot.ai\/fr\/#organization","name":"Splitbot","url":"https:\/\/splitbot.ai\/fr\/","logo":{"@type":"ImageObject","inLanguage":"fr-FR","@id":"https:\/\/splitbot.ai\/fr\/#\/schema\/logo\/image\/","url":"https:\/\/splitbot.ai\/wp-content\/uploads\/2025\/02\/Log_Wort_Bild_Lilablau.png","contentUrl":"https:\/\/splitbot.ai\/wp-content\/uploads\/2025\/02\/Log_Wort_Bild_Lilablau.png","width":393,"height":46,"caption":"Splitbot"},"image":{"@id":"https:\/\/splitbot.ai\/fr\/#\/schema\/logo\/image\/"}}]}},"_links":{"self":[{"href":"https:\/\/splitbot.ai\/fr\/wp-json\/wp\/v2\/pages\/1177","targetHints":{"allow":["GET"]}}],"collection":[{"href":"https:\/\/splitbot.ai\/fr\/wp-json\/wp\/v2\/pages"}],"about":[{"href":"https:\/\/splitbot.ai\/fr\/wp-json\/wp\/v2\/types\/page"}],"author":[{"embeddable":true,"href":"https:\/\/splitbot.ai\/fr\/wp-json\/wp\/v2\/users\/1"}],"replies":[{"embeddable":true,"href":"https:\/\/splitbot.ai\/fr\/wp-json\/wp\/v2\/comments?post=1177"}],"version-history":[{"count":3,"href":"https:\/\/splitbot.ai\/fr\/wp-json\/wp\/v2\/pages\/1177\/revisions"}],"predecessor-version":[{"id":4396,"href":"https:\/\/splitbot.ai\/fr\/wp-json\/wp\/v2\/pages\/1177\/revisions\/4396"}],"wp:attachment":[{"href":"https:\/\/splitbot.ai\/fr\/wp-json\/wp\/v2\/media?parent=1177"}],"curies":[{"name":"wp","href":"https:\/\/api.w.org\/{rel}","templated":true}]}}